{"id":9596,"date":"2019-09-25T15:24:02","date_gmt":"2019-09-25T13:24:02","guid":{"rendered":"https:\/\/www.rgequip.com\/?post_type=product&#038;p=9596"},"modified":"2019-09-25T16:05:42","modified_gmt":"2019-09-25T14:05:42","slug":"blender-professionnel","status":"publish","type":"product","link":"https:\/\/www.rgequip.com\/?product=blender-professionnel","title":{"rendered":"Blender professionnel"},"content":{"rendered":"<p>C&#8217;est l&#8217;appareil id\u00e9al pour mixer, \u00e9mulsionner, broyer toutes sortes de pr\u00e9parations chaudes ou froides tels que gaspachos, velout\u00e9s, pur\u00e9es, cr\u00e8mes&#8230;<br \/>\nAdapt\u00e9 \u00e0 une utilisation intensive gr\u00e2ce \u00e0 son moteur professionnel silencieux, puissant et fiable et<br \/>\nSes nouveaux couteaux tr\u00e8s r\u00e9sistants pouvant broyer rapidement les \u00e9l\u00e9ments les plus durs (gla\u00e7ons, carcasse de homard).<br \/>\nVariateur de vitesse (de 0 \u00e0 15 000 tr\/min) cr\u00e9ant un vortex puissant.<br \/>\nFonction pulse (18 000 tr\/min) pour un r\u00e9sultat optimal.<br \/>\nSyst\u00e8me de s\u00e9curit\u00e9 exclusif \u00a0verrouillant le bol et le couvercle\u00a0pour une utilisation mains libres.<br \/>\nBouchon amovible sur le couvercle pour ajouter des ingr\u00e9dients en cours de mixage.<\/p>\n","protected":false},"excerpt":{"rendered":"<p>C&#8217;est l&#8217;appareil id\u00e9al pour mixer, \u00e9mulsionner, broyer toutes sortes de pr\u00e9parations chaudes ou froides tels que gaspachos, velout\u00e9s, pur\u00e9es, cr\u00e8mes&#8230;<\/p>\n","protected":false},"featured_media":9603,"comment_status":"open","ping_status":"closed","template":"","meta":[],"product_brand":[],"product_cat":[314,320,321],"product_tag":[],"class_list":{"0":"post-9596","1":"product","2":"type-product","3":"status-publish","4":"has-post-thumbnail","6":"product_cat-cafe-bar","7":"product_cat-blender","8":"product_cat-blender-mixer","10":"first","11":"instock","12":"shipping-taxable","13":"product-type-simple"},"_links":{"self":[{"href":"https:\/\/www.rgequip.com\/index.php?rest_route=\/wp\/v2\/product\/9596","targetHints":{"allow":["GET"]}}],"collection":[{"href":"https:\/\/www.rgequip.com\/index.php?rest_route=\/wp\/v2\/product"}],"about":[{"href":"https:\/\/www.rgequip.com\/index.php?rest_route=\/wp\/v2\/types\/product"}],"replies":[{"embeddable":true,"href":"https:\/\/www.rgequip.com\/index.php?rest_route=%2Fwp%2Fv2%2Fcomments&post=9596"}],"version-history":[{"count":0,"href":"https:\/\/www.rgequip.com\/index.php?rest_route=\/wp\/v2\/product\/9596\/revisions"}],"wp:featuredmedia":[{"embeddable":true,"href":"https:\/\/www.rgequip.com\/index.php?rest_route=\/wp\/v2\/media\/9603"}],"wp:attachment":[{"href":"https:\/\/www.rgequip.com\/index.php?rest_route=%2Fwp%2Fv2%2Fmedia&parent=9596"}],"wp:term":[{"taxonomy":"product_brand","embeddable":true,"href":"https:\/\/www.rgequip.com\/index.php?rest_route=%2Fwp%2Fv2%2Fproduct_brand&post=9596"},{"taxonomy":"product_cat","embeddable":true,"href":"https:\/\/www.rgequip.com\/index.php?rest_route=%2Fwp%2Fv2%2Fproduct_cat&post=9596"},{"taxonomy":"product_tag","embeddable":true,"href":"https:\/\/www.rgequip.com\/index.php?rest_route=%2Fwp%2Fv2%2Fproduct_tag&post=9596"}],"curies":[{"name":"wp","href":"https:\/\/api.w.org\/{rel}","templated":true}]}}