{"id":9594,"date":"2019-09-25T15:04:14","date_gmt":"2019-09-25T13:04:14","guid":{"rendered":"https:\/\/www.rgequip.com\/?post_type=product&#038;p=9594"},"modified":"2019-09-25T15:04:14","modified_gmt":"2019-09-25T13:04:14","slug":"mixeur-1-5l","status":"publish","type":"product","link":"https:\/\/www.rgequip.com\/?product=mixeur-1-5l","title":{"rendered":"MIXEUR 1.5L"},"content":{"rendered":"<p>Machine pour pr\u00e9parer les jus \u00e0 base de fruits, les frapp\u00e9, etc.<br \/>\nCorps en alliage d\u2019aluminium peint<br \/>\nCe mod\u00e8le a le variateur de vitesse<br \/>\nmicro-contact sur le couvercle<br \/>\ncouteau amovible \u00e0 quatre lames en acier inox<br \/>\nbouchon sur le couvercle pour ajouter des ingr\u00e9dients durant le travail<br \/>\nLes mod\u00e8les doubles\u00a0 munis d\u2019un groupe de couteaux et d\u2019un groupe m\u00e9langeur.<\/p>\n","protected":false},"excerpt":{"rendered":"<p>Machine pour pr\u00e9parer les jus \u00e0 base de fruits, les frapp\u00e9, etc. Corps en alliage d\u2019aluminium peint Ce mod\u00e8le a<\/p>\n","protected":false},"featured_media":9595,"comment_status":"open","ping_status":"closed","template":"","meta":[],"product_brand":[],"product_cat":[314,320,322],"product_tag":[],"class_list":{"0":"post-9594","1":"product","2":"type-product","3":"status-publish","4":"has-post-thumbnail","6":"product_cat-cafe-bar","7":"product_cat-blender","8":"product_cat-mixeur-bar","10":"first","11":"instock","12":"shipping-taxable","13":"product-type-simple"},"_links":{"self":[{"href":"https:\/\/www.rgequip.com\/index.php?rest_route=\/wp\/v2\/product\/9594","targetHints":{"allow":["GET"]}}],"collection":[{"href":"https:\/\/www.rgequip.com\/index.php?rest_route=\/wp\/v2\/product"}],"about":[{"href":"https:\/\/www.rgequip.com\/index.php?rest_route=\/wp\/v2\/types\/product"}],"replies":[{"embeddable":true,"href":"https:\/\/www.rgequip.com\/index.php?rest_route=%2Fwp%2Fv2%2Fcomments&post=9594"}],"version-history":[{"count":0,"href":"https:\/\/www.rgequip.com\/index.php?rest_route=\/wp\/v2\/product\/9594\/revisions"}],"wp:featuredmedia":[{"embeddable":true,"href":"https:\/\/www.rgequip.com\/index.php?rest_route=\/wp\/v2\/media\/9595"}],"wp:attachment":[{"href":"https:\/\/www.rgequip.com\/index.php?rest_route=%2Fwp%2Fv2%2Fmedia&parent=9594"}],"wp:term":[{"taxonomy":"product_brand","embeddable":true,"href":"https:\/\/www.rgequip.com\/index.php?rest_route=%2Fwp%2Fv2%2Fproduct_brand&post=9594"},{"taxonomy":"product_cat","embeddable":true,"href":"https:\/\/www.rgequip.com\/index.php?rest_route=%2Fwp%2Fv2%2Fproduct_cat&post=9594"},{"taxonomy":"product_tag","embeddable":true,"href":"https:\/\/www.rgequip.com\/index.php?rest_route=%2Fwp%2Fv2%2Fproduct_tag&post=9594"}],"curies":[{"name":"wp","href":"https:\/\/api.w.org\/{rel}","templated":true}]}}