{"id":9588,"date":"2019-09-25T14:59:28","date_gmt":"2019-09-25T12:59:28","guid":{"rendered":"https:\/\/www.rgequip.com\/?post_type=product&#038;p=9588"},"modified":"2019-09-25T14:59:29","modified_gmt":"2019-09-25T12:59:29","slug":"blender-mixeur","status":"publish","type":"product","link":"https:\/\/www.rgequip.com\/?product=blender-mixeur","title":{"rendered":"BLENDER\/MIXEUR"},"content":{"rendered":"<p>Des soupes saines pour toute la famille, des smoothies pour les parents, de d\u00e9licieux milk-shakes pour les enfants.<br \/>\ncon\u00e7u pour les liquides chauds et les sauces \u00e9paisses mix\u00e9s \u00e0 la perfection gr\u00e2ce \u00e0 son action de m\u00e9lange puissant et rapide.<br \/>\nCapable de m\u00e9langer n\u2019importe quel ingr\u00e9dient, sa triple lame en acier inoxydable permet \u00e9galement de piler des cubes de glaces, \u00e9craser des fruits ou de mixer des milkshakes tr\u00e8s \u00e9pais, donnant des r\u00e9sultats doux et uniformes \u00e0 chaque fois.<\/p>\n","protected":false},"excerpt":{"rendered":"<p>Des soupes saines pour toute la famille, des smoothies pour les parents, de d\u00e9licieux milk-shakes pour les enfants. con\u00e7u pour<\/p>\n","protected":false},"featured_media":9591,"comment_status":"open","ping_status":"closed","template":"","meta":[],"product_brand":[],"product_cat":[314,320,321],"product_tag":[],"class_list":{"0":"post-9588","1":"product","2":"type-product","3":"status-publish","4":"has-post-thumbnail","6":"product_cat-cafe-bar","7":"product_cat-blender","8":"product_cat-blender-mixer","10":"first","11":"instock","12":"shipping-taxable","13":"product-type-simple"},"_links":{"self":[{"href":"https:\/\/www.rgequip.com\/index.php?rest_route=\/wp\/v2\/product\/9588","targetHints":{"allow":["GET"]}}],"collection":[{"href":"https:\/\/www.rgequip.com\/index.php?rest_route=\/wp\/v2\/product"}],"about":[{"href":"https:\/\/www.rgequip.com\/index.php?rest_route=\/wp\/v2\/types\/product"}],"replies":[{"embeddable":true,"href":"https:\/\/www.rgequip.com\/index.php?rest_route=%2Fwp%2Fv2%2Fcomments&post=9588"}],"version-history":[{"count":0,"href":"https:\/\/www.rgequip.com\/index.php?rest_route=\/wp\/v2\/product\/9588\/revisions"}],"wp:featuredmedia":[{"embeddable":true,"href":"https:\/\/www.rgequip.com\/index.php?rest_route=\/wp\/v2\/media\/9591"}],"wp:attachment":[{"href":"https:\/\/www.rgequip.com\/index.php?rest_route=%2Fwp%2Fv2%2Fmedia&parent=9588"}],"wp:term":[{"taxonomy":"product_brand","embeddable":true,"href":"https:\/\/www.rgequip.com\/index.php?rest_route=%2Fwp%2Fv2%2Fproduct_brand&post=9588"},{"taxonomy":"product_cat","embeddable":true,"href":"https:\/\/www.rgequip.com\/index.php?rest_route=%2Fwp%2Fv2%2Fproduct_cat&post=9588"},{"taxonomy":"product_tag","embeddable":true,"href":"https:\/\/www.rgequip.com\/index.php?rest_route=%2Fwp%2Fv2%2Fproduct_tag&post=9588"}],"curies":[{"name":"wp","href":"https:\/\/api.w.org\/{rel}","templated":true}]}}