{"id":9575,"date":"2019-09-25T12:36:42","date_gmt":"2019-09-25T10:36:42","guid":{"rendered":"https:\/\/www.rgequip.com\/?post_type=product&#038;p=9575"},"modified":"2019-09-25T12:36:42","modified_gmt":"2019-09-25T10:36:42","slug":"meuble-refrigere-inox-vitrine-05-bacs","status":"publish","type":"product","link":"https:\/\/www.rgequip.com\/?product=meuble-refrigere-inox-vitrine-05-bacs","title":{"rendered":"Meuble R\u00e9frig\u00e9r\u00e9 inox vitrine 05 Bacs"},"content":{"rendered":"<p>Pr\u00e9sentoir r\u00e9frig\u00e9r\u00e9 adapt\u00e9 pour la pr\u00e9paration de sandwichs, salades, glaces, pizzas, kebabs.<br \/>\nvous pourrez y conserver au frais des l\u00e9gumes coup\u00e9s et \u00e9minc\u00e9s comme des champignons, des carottes r\u00e2p\u00e9es, des oignons, la sauce tomate,des fruits coup\u00e9s, ETC<br \/>\nAvec une temp\u00e9rature de service de 0\u00b0C \u00e0 10\u00b0C,<br \/>\nConserve parfaitement les ingr\u00e9dients.<br \/>\nPar ailleurs,\u00a0 il poss\u00e8de un pare-haleine en verre pour garder une hygi\u00e8ne irr\u00e9prochable vis \u00e0 vis des clients.<\/p>\n","protected":false},"excerpt":{"rendered":"<p>Pr\u00e9sentoir r\u00e9frig\u00e9r\u00e9 adapt\u00e9 pour la pr\u00e9paration de sandwichs, salades, glaces, pizzas, kebabs. vous pourrez y conserver au frais des l\u00e9gumes<\/p>\n","protected":false},"featured_media":9578,"comment_status":"open","ping_status":"closed","template":"","meta":[],"product_brand":[],"product_cat":[268,291,272],"product_tag":[],"class_list":{"0":"post-9575","1":"product","2":"type-product","3":"status-publish","4":"has-post-thumbnail","6":"product_cat-froids","7":"product_cat-v-a-sushi","8":"product_cat-vitrines","10":"first","11":"instock","12":"shipping-taxable","13":"product-type-simple"},"_links":{"self":[{"href":"https:\/\/www.rgequip.com\/index.php?rest_route=\/wp\/v2\/product\/9575","targetHints":{"allow":["GET"]}}],"collection":[{"href":"https:\/\/www.rgequip.com\/index.php?rest_route=\/wp\/v2\/product"}],"about":[{"href":"https:\/\/www.rgequip.com\/index.php?rest_route=\/wp\/v2\/types\/product"}],"replies":[{"embeddable":true,"href":"https:\/\/www.rgequip.com\/index.php?rest_route=%2Fwp%2Fv2%2Fcomments&post=9575"}],"version-history":[{"count":0,"href":"https:\/\/www.rgequip.com\/index.php?rest_route=\/wp\/v2\/product\/9575\/revisions"}],"wp:featuredmedia":[{"embeddable":true,"href":"https:\/\/www.rgequip.com\/index.php?rest_route=\/wp\/v2\/media\/9578"}],"wp:attachment":[{"href":"https:\/\/www.rgequip.com\/index.php?rest_route=%2Fwp%2Fv2%2Fmedia&parent=9575"}],"wp:term":[{"taxonomy":"product_brand","embeddable":true,"href":"https:\/\/www.rgequip.com\/index.php?rest_route=%2Fwp%2Fv2%2Fproduct_brand&post=9575"},{"taxonomy":"product_cat","embeddable":true,"href":"https:\/\/www.rgequip.com\/index.php?rest_route=%2Fwp%2Fv2%2Fproduct_cat&post=9575"},{"taxonomy":"product_tag","embeddable":true,"href":"https:\/\/www.rgequip.com\/index.php?rest_route=%2Fwp%2Fv2%2Fproduct_tag&post=9575"}],"curies":[{"name":"wp","href":"https:\/\/api.w.org\/{rel}","templated":true}]}}