{"id":9522,"date":"2019-09-24T18:39:16","date_gmt":"2019-09-24T16:39:16","guid":{"rendered":"https:\/\/www.rgequip.com\/?post_type=product&#038;p=9522"},"modified":"2019-09-24T18:44:07","modified_gmt":"2019-09-24T16:44:07","slug":"chafing-dish-rond-finition-satine","status":"publish","type":"product","link":"https:\/\/www.rgequip.com\/?product=chafing-dish-rond-finition-satine","title":{"rendered":"Chafing dish rond finition satin\u00e9"},"content":{"rendered":"<h1 class=\"artikelgroupLink\">CHAFING DISH ROND FINITION SATIN\u00c9<\/h1>\n<ul class=\"remarklist\">\n<li class=\"red\">Id\u00e9al pour buffets et traiteurs.<br \/>\nCes chafing dishes donnent un attrait \u00e9l\u00e9gant \u00e0 vos plats, gr\u00e2ce \u00e0 l&#8217;utilisation de mat\u00e9riau de haute qualit\u00e9.<br \/>\nLes chafing dishes et les accessoires sont compl\u00e9tement\u00a0 en inox r\u00e9sistant.<\/li>\n<li class=\"purple\">Le couvercle est \u00e9quip\u00e9 d&#8217;un frein en friction et reste dans la position dans laquelle on l&#8217;a mis. Le couvercle est amovible afin de faciliter le nettoyage.<br \/>\nLivr\u00e9 avec une cuve d&#8217;eau rond, un bac rond &#8211; profondeur 65 mm et un support pour bo\u00eetes \u00e0 p\u00e2te combustible.<\/li>\n<\/ul>\n","protected":false},"excerpt":{"rendered":"<p>CHAFING DISH ROND FINITION SATIN\u00c9 Id\u00e9al pour buffets et traiteurs. Ces chafing dishes donnent un attrait \u00e9l\u00e9gant \u00e0 vos plats,<\/p>\n","protected":false},"featured_media":9523,"comment_status":"open","ping_status":"closed","template":"","meta":[],"product_brand":[],"product_cat":[313,306,298],"product_tag":[],"class_list":{"0":"post-9522","1":"product","2":"type-product","3":"status-publish","4":"has-post-thumbnail","6":"product_cat-maintien-chaud","7":"product_cat-a-poser","8":"product_cat-chafin-dish","10":"first","11":"instock","12":"shipping-taxable","13":"product-type-simple"},"_links":{"self":[{"href":"https:\/\/www.rgequip.com\/index.php?rest_route=\/wp\/v2\/product\/9522","targetHints":{"allow":["GET"]}}],"collection":[{"href":"https:\/\/www.rgequip.com\/index.php?rest_route=\/wp\/v2\/product"}],"about":[{"href":"https:\/\/www.rgequip.com\/index.php?rest_route=\/wp\/v2\/types\/product"}],"replies":[{"embeddable":true,"href":"https:\/\/www.rgequip.com\/index.php?rest_route=%2Fwp%2Fv2%2Fcomments&post=9522"}],"version-history":[{"count":0,"href":"https:\/\/www.rgequip.com\/index.php?rest_route=\/wp\/v2\/product\/9522\/revisions"}],"wp:featuredmedia":[{"embeddable":true,"href":"https:\/\/www.rgequip.com\/index.php?rest_route=\/wp\/v2\/media\/9523"}],"wp:attachment":[{"href":"https:\/\/www.rgequip.com\/index.php?rest_route=%2Fwp%2Fv2%2Fmedia&parent=9522"}],"wp:term":[{"taxonomy":"product_brand","embeddable":true,"href":"https:\/\/www.rgequip.com\/index.php?rest_route=%2Fwp%2Fv2%2Fproduct_brand&post=9522"},{"taxonomy":"product_cat","embeddable":true,"href":"https:\/\/www.rgequip.com\/index.php?rest_route=%2Fwp%2Fv2%2Fproduct_cat&post=9522"},{"taxonomy":"product_tag","embeddable":true,"href":"https:\/\/www.rgequip.com\/index.php?rest_route=%2Fwp%2Fv2%2Fproduct_tag&post=9522"}],"curies":[{"name":"wp","href":"https:\/\/api.w.org\/{rel}","templated":true}]}}