{"id":9513,"date":"2019-09-24T18:22:10","date_gmt":"2019-09-24T16:22:10","guid":{"rendered":"https:\/\/www.rgequip.com\/?post_type=product&#038;p=9513"},"modified":"2019-09-24T18:22:10","modified_gmt":"2019-09-24T16:22:10","slug":"rolltop-chafing-dish-rond","status":"publish","type":"product","link":"https:\/\/www.rgequip.com\/?product=rolltop-chafing-dish-rond","title":{"rendered":"Rolltop &#8211; Chafing Dish &#8211; Rond"},"content":{"rendered":"<h1 class=\"artikelgroupLink\">ROLLTOP-CHAFING DISH &#8211; ROND<\/h1>\n<ul class=\"remarklist\">\n<li class=\"red\">Id\u00e9al pour buffets et traiteurs<\/li>\n<li class=\"purple\">Chafing dish \u00e9l\u00e9gant pour buffets.<br \/>\nFermeture particuli\u00e8rement silencieuse brevet\u00e9.<br \/>\nCouvercle Roll-top rabattable jusqu&#8217;\u00e0 180\u00b0.<br \/>\nL&#8217;ensemble comprend un support pour la bo\u00eete de combustible et un bac pour les aliments (\u00d8390x(H)60 mm).<br \/>\nFait en inox brillant.<br \/>\nStructure en acier d&#8217;un \u00e9paisseur de 2,3 mm, couvercle d&#8217;un \u00e9paisseur de 1,2 mm.<\/li>\n<\/ul>\n","protected":false},"excerpt":{"rendered":"<p>ROLLTOP-CHAFING DISH &#8211; ROND Id\u00e9al pour buffets et traiteurs Chafing dish \u00e9l\u00e9gant pour buffets. Fermeture particuli\u00e8rement silencieuse brevet\u00e9. Couvercle Roll-top<\/p>\n","protected":false},"featured_media":9514,"comment_status":"open","ping_status":"closed","template":"","meta":[],"product_brand":[],"product_cat":[313,306,298],"product_tag":[],"class_list":{"0":"post-9513","1":"product","2":"type-product","3":"status-publish","4":"has-post-thumbnail","6":"product_cat-maintien-chaud","7":"product_cat-a-poser","8":"product_cat-chafin-dish","10":"first","11":"instock","12":"shipping-taxable","13":"product-type-simple"},"_links":{"self":[{"href":"https:\/\/www.rgequip.com\/index.php?rest_route=\/wp\/v2\/product\/9513","targetHints":{"allow":["GET"]}}],"collection":[{"href":"https:\/\/www.rgequip.com\/index.php?rest_route=\/wp\/v2\/product"}],"about":[{"href":"https:\/\/www.rgequip.com\/index.php?rest_route=\/wp\/v2\/types\/product"}],"replies":[{"embeddable":true,"href":"https:\/\/www.rgequip.com\/index.php?rest_route=%2Fwp%2Fv2%2Fcomments&post=9513"}],"version-history":[{"count":0,"href":"https:\/\/www.rgequip.com\/index.php?rest_route=\/wp\/v2\/product\/9513\/revisions"}],"wp:featuredmedia":[{"embeddable":true,"href":"https:\/\/www.rgequip.com\/index.php?rest_route=\/wp\/v2\/media\/9514"}],"wp:attachment":[{"href":"https:\/\/www.rgequip.com\/index.php?rest_route=%2Fwp%2Fv2%2Fmedia&parent=9513"}],"wp:term":[{"taxonomy":"product_brand","embeddable":true,"href":"https:\/\/www.rgequip.com\/index.php?rest_route=%2Fwp%2Fv2%2Fproduct_brand&post=9513"},{"taxonomy":"product_cat","embeddable":true,"href":"https:\/\/www.rgequip.com\/index.php?rest_route=%2Fwp%2Fv2%2Fproduct_cat&post=9513"},{"taxonomy":"product_tag","embeddable":true,"href":"https:\/\/www.rgequip.com\/index.php?rest_route=%2Fwp%2Fv2%2Fproduct_tag&post=9513"}],"curies":[{"name":"wp","href":"https:\/\/api.w.org\/{rel}","templated":true}]}}