{"id":9511,"date":"2019-09-24T18:31:57","date_gmt":"2019-09-24T16:31:57","guid":{"rendered":"https:\/\/www.rgequip.com\/?post_type=product&#038;p=9511"},"modified":"2019-09-24T18:31:57","modified_gmt":"2019-09-24T16:31:57","slug":"vitrine-refrigeree-04-folles-vitrees","status":"publish","type":"product","link":"https:\/\/www.rgequip.com\/?product=vitrine-refrigeree-04-folles-vitrees","title":{"rendered":"Vitrine r\u00e9frig\u00e9r\u00e9e 04 folles Vitr\u00e9es"},"content":{"rendered":"<ul>\n<li>Vitrine horizontale r\u00e9frig\u00e9r\u00e9e (Cuves GN1\/4)<\/li>\n<li>Ext\u00e9rieur et int\u00e9rieur en acier inoxydable<\/li>\n<li>Refroidissement statique<\/li>\n<li>Cycle de d\u00e9givrage automatique par arr\u00eat du compresseur<\/li>\n<li>\u00c9vaporateur \u00e0 un seul tuyau en cuivre (Aucune soudure dans le moussant)<\/li>\n<li>Thermostat num\u00e9rique<\/li>\n<li>Pieds r\u00e9glables N\u00b0 4<\/li>\n<li>Ensemble de rondelles d\u2019espacement inclus<\/li>\n<li>Les cuves GN1\/4 ne sont pas livr\u00e9es avec l\u2019appareil<\/li>\n<li>Couvercle sup\u00e9rieur en verre tremp\u00e9<\/li>\n<\/ul>\n","protected":false},"excerpt":{"rendered":"<p>Vitrine horizontale r\u00e9frig\u00e9r\u00e9e (Cuves GN1\/4) Ext\u00e9rieur et int\u00e9rieur en acier inoxydable Refroidissement statique Cycle de d\u00e9givrage automatique par arr\u00eat du<\/p>\n","protected":false},"featured_media":9519,"comment_status":"open","ping_status":"closed","template":"","meta":[],"product_brand":[],"product_cat":[268,290,272],"product_tag":[],"class_list":{"0":"post-9511","1":"product","2":"type-product","3":"status-publish","4":"has-post-thumbnail","6":"product_cat-froids","7":"product_cat-v-murale","8":"product_cat-vitrines","10":"first","11":"instock","12":"shipping-taxable","13":"product-type-simple"},"_links":{"self":[{"href":"https:\/\/www.rgequip.com\/index.php?rest_route=\/wp\/v2\/product\/9511","targetHints":{"allow":["GET"]}}],"collection":[{"href":"https:\/\/www.rgequip.com\/index.php?rest_route=\/wp\/v2\/product"}],"about":[{"href":"https:\/\/www.rgequip.com\/index.php?rest_route=\/wp\/v2\/types\/product"}],"replies":[{"embeddable":true,"href":"https:\/\/www.rgequip.com\/index.php?rest_route=%2Fwp%2Fv2%2Fcomments&post=9511"}],"version-history":[{"count":0,"href":"https:\/\/www.rgequip.com\/index.php?rest_route=\/wp\/v2\/product\/9511\/revisions"}],"wp:featuredmedia":[{"embeddable":true,"href":"https:\/\/www.rgequip.com\/index.php?rest_route=\/wp\/v2\/media\/9519"}],"wp:attachment":[{"href":"https:\/\/www.rgequip.com\/index.php?rest_route=%2Fwp%2Fv2%2Fmedia&parent=9511"}],"wp:term":[{"taxonomy":"product_brand","embeddable":true,"href":"https:\/\/www.rgequip.com\/index.php?rest_route=%2Fwp%2Fv2%2Fproduct_brand&post=9511"},{"taxonomy":"product_cat","embeddable":true,"href":"https:\/\/www.rgequip.com\/index.php?rest_route=%2Fwp%2Fv2%2Fproduct_cat&post=9511"},{"taxonomy":"product_tag","embeddable":true,"href":"https:\/\/www.rgequip.com\/index.php?rest_route=%2Fwp%2Fv2%2Fproduct_tag&post=9511"}],"curies":[{"name":"wp","href":"https:\/\/api.w.org\/{rel}","templated":true}]}}