{"id":9508,"date":"2019-09-24T17:59:43","date_gmt":"2019-09-24T15:59:43","guid":{"rendered":"https:\/\/www.rgequip.com\/?post_type=product&#038;p=9508"},"modified":"2019-09-24T17:59:43","modified_gmt":"2019-09-24T15:59:43","slug":"four-a-pizza-cap-6-pizza","status":"publish","type":"product","link":"https:\/\/www.rgequip.com\/?product=four-a-pizza-cap-6-pizza","title":{"rendered":"Four A Pizza Cap 6 pizza"},"content":{"rendered":"<p>Four\u00a0 \u00e0 pizza<br \/>\nCapacit\u00e9 6 pizza(24Cm)<br \/>\nUne seul \u00e9tage.<br \/>\n-Plage de temp\u00e9rature 50-500 \u00b0 C<\/p>\n","protected":false},"excerpt":{"rendered":"<p>Four\u00a0 \u00e0 pizza Capacit\u00e9 6 pizza(24Cm) Une seul \u00e9tage. -Plage de temp\u00e9rature 50-500 \u00b0 C<\/p>\n","protected":false},"featured_media":9507,"comment_status":"open","ping_status":"closed","template":"","meta":[],"product_brand":[],"product_cat":[226,253,232],"product_tag":[],"class_list":{"0":"post-9508","1":"product","2":"type-product","3":"status-publish","4":"has-post-thumbnail","6":"product_cat-cuisson","7":"product_cat-f-electriques","8":"product_cat-fours-pizza","10":"first","11":"instock","12":"shipping-taxable","13":"product-type-simple"},"_links":{"self":[{"href":"https:\/\/www.rgequip.com\/index.php?rest_route=\/wp\/v2\/product\/9508","targetHints":{"allow":["GET"]}}],"collection":[{"href":"https:\/\/www.rgequip.com\/index.php?rest_route=\/wp\/v2\/product"}],"about":[{"href":"https:\/\/www.rgequip.com\/index.php?rest_route=\/wp\/v2\/types\/product"}],"replies":[{"embeddable":true,"href":"https:\/\/www.rgequip.com\/index.php?rest_route=%2Fwp%2Fv2%2Fcomments&post=9508"}],"version-history":[{"count":0,"href":"https:\/\/www.rgequip.com\/index.php?rest_route=\/wp\/v2\/product\/9508\/revisions"}],"wp:featuredmedia":[{"embeddable":true,"href":"https:\/\/www.rgequip.com\/index.php?rest_route=\/wp\/v2\/media\/9507"}],"wp:attachment":[{"href":"https:\/\/www.rgequip.com\/index.php?rest_route=%2Fwp%2Fv2%2Fmedia&parent=9508"}],"wp:term":[{"taxonomy":"product_brand","embeddable":true,"href":"https:\/\/www.rgequip.com\/index.php?rest_route=%2Fwp%2Fv2%2Fproduct_brand&post=9508"},{"taxonomy":"product_cat","embeddable":true,"href":"https:\/\/www.rgequip.com\/index.php?rest_route=%2Fwp%2Fv2%2Fproduct_cat&post=9508"},{"taxonomy":"product_tag","embeddable":true,"href":"https:\/\/www.rgequip.com\/index.php?rest_route=%2Fwp%2Fv2%2Fproduct_tag&post=9508"}],"curies":[{"name":"wp","href":"https:\/\/api.w.org\/{rel}","templated":true}]}}