{"id":9494,"date":"2019-09-24T14:49:40","date_gmt":"2019-09-24T12:49:40","guid":{"rendered":"https:\/\/www.rgequip.com\/?post_type=product&#038;p=9494"},"modified":"2019-09-24T18:50:57","modified_gmt":"2019-09-24T16:50:57","slug":"machine-a-sous-vide-a-cloche","status":"publish","type":"product","link":"https:\/\/www.rgequip.com\/?product=machine-a-sous-vide-a-cloche","title":{"rendered":"Machine A Sous Vide A Cloche"},"content":{"rendered":"<p>Machine qui permet d&#8217;emballer les aliments (\u00e0 la fois cuit et liquide) dans une pratique<br \/>\nDe m\u00eame, elle vous permet d&#8217;\u00e9tendre consid\u00e9rablement le temps de stockage sans alt\u00e9rer les caract\u00e9ristiques organoleptiques<br \/>\nStructure en acier inoxydable<br \/>\nCuve emboutie en acier inoxydable<br \/>\nBarre de soudure amovible<br \/>\nplexiglas de couverture<br \/>\nPompes bain d&#8217;huile &#8216;<br \/>\npanneau de commande num\u00e9rique avec 6 programmes de m\u00e9moire<\/p>\n","protected":false},"excerpt":{"rendered":"<p>Machine qui permet d&#8217;emballer les aliments (\u00e0 la fois cuit et liquide) dans une pratique De m\u00eame, elle vous permet<\/p>\n","protected":false},"featured_media":9533,"comment_status":"open","ping_status":"closed","template":"","meta":[],"product_brand":[],"product_cat":[337,363,343],"product_tag":[],"class_list":{"0":"post-9494","1":"product","2":"type-product","3":"status-publish","4":"has-post-thumbnail","6":"product_cat-preparation","7":"product_cat-machine-sous-vide","8":"product_cat-sous-vide","10":"first","11":"instock","12":"shipping-taxable","13":"product-type-simple"},"_links":{"self":[{"href":"https:\/\/www.rgequip.com\/index.php?rest_route=\/wp\/v2\/product\/9494","targetHints":{"allow":["GET"]}}],"collection":[{"href":"https:\/\/www.rgequip.com\/index.php?rest_route=\/wp\/v2\/product"}],"about":[{"href":"https:\/\/www.rgequip.com\/index.php?rest_route=\/wp\/v2\/types\/product"}],"replies":[{"embeddable":true,"href":"https:\/\/www.rgequip.com\/index.php?rest_route=%2Fwp%2Fv2%2Fcomments&post=9494"}],"version-history":[{"count":0,"href":"https:\/\/www.rgequip.com\/index.php?rest_route=\/wp\/v2\/product\/9494\/revisions"}],"wp:featuredmedia":[{"embeddable":true,"href":"https:\/\/www.rgequip.com\/index.php?rest_route=\/wp\/v2\/media\/9533"}],"wp:attachment":[{"href":"https:\/\/www.rgequip.com\/index.php?rest_route=%2Fwp%2Fv2%2Fmedia&parent=9494"}],"wp:term":[{"taxonomy":"product_brand","embeddable":true,"href":"https:\/\/www.rgequip.com\/index.php?rest_route=%2Fwp%2Fv2%2Fproduct_brand&post=9494"},{"taxonomy":"product_cat","embeddable":true,"href":"https:\/\/www.rgequip.com\/index.php?rest_route=%2Fwp%2Fv2%2Fproduct_cat&post=9494"},{"taxonomy":"product_tag","embeddable":true,"href":"https:\/\/www.rgequip.com\/index.php?rest_route=%2Fwp%2Fv2%2Fproduct_tag&post=9494"}],"curies":[{"name":"wp","href":"https:\/\/api.w.org\/{rel}","templated":true}]}}