{"id":9492,"date":"2019-09-24T14:43:52","date_gmt":"2019-09-24T12:43:52","guid":{"rendered":"https:\/\/www.rgequip.com\/?post_type=product&#038;p=9492"},"modified":"2019-09-24T14:43:53","modified_gmt":"2019-09-24T12:43:53","slug":"meuble-arriere-bar-vitre-3-portes-coulissantes","status":"publish","type":"product","link":"https:\/\/www.rgequip.com\/?product=meuble-arriere-bar-vitre-3-portes-coulissantes","title":{"rendered":"Meuble Arri\u00e8re Bar Vitr\u00e9 3 Portes coulissantes"},"content":{"rendered":"<p>Pr\u00e9sentoir r\u00e9frig\u00e9r\u00e9 horizontal pour boissons.<br \/>\nDot\u00e9 d&#8217;une Structure ext\u00e9rieure peinte en noir, structure int\u00e9rieure en aluminium.<br \/>\nDe plus, il a une R\u00e9frig\u00e9ration ventil\u00e9e avec un d\u00e9givrage automatique.<br \/>\nEnfin son Thermostat \u00e9lectronique de r\u00e9guler la temp\u00e9rature.<br \/>\nPortes coulissantes.<\/p>\n","protected":false},"excerpt":{"rendered":"<p>Pr\u00e9sentoir r\u00e9frig\u00e9r\u00e9 horizontal pour boissons. Dot\u00e9 d&#8217;une Structure ext\u00e9rieure peinte en noir, structure int\u00e9rieure en aluminium. De plus, il a<\/p>\n","protected":false},"featured_media":9493,"comment_status":"open","ping_status":"closed","template":"","meta":[],"product_brand":[],"product_cat":[268,284,271],"product_tag":[],"class_list":{"0":"post-9492","1":"product","2":"type-product","3":"status-publish","4":"has-post-thumbnail","6":"product_cat-froids","7":"product_cat-arrieres-bars","8":"product_cat-boissons","10":"first","11":"instock","12":"shipping-taxable","13":"product-type-simple"},"_links":{"self":[{"href":"https:\/\/www.rgequip.com\/index.php?rest_route=\/wp\/v2\/product\/9492","targetHints":{"allow":["GET"]}}],"collection":[{"href":"https:\/\/www.rgequip.com\/index.php?rest_route=\/wp\/v2\/product"}],"about":[{"href":"https:\/\/www.rgequip.com\/index.php?rest_route=\/wp\/v2\/types\/product"}],"replies":[{"embeddable":true,"href":"https:\/\/www.rgequip.com\/index.php?rest_route=%2Fwp%2Fv2%2Fcomments&post=9492"}],"version-history":[{"count":0,"href":"https:\/\/www.rgequip.com\/index.php?rest_route=\/wp\/v2\/product\/9492\/revisions"}],"wp:featuredmedia":[{"embeddable":true,"href":"https:\/\/www.rgequip.com\/index.php?rest_route=\/wp\/v2\/media\/9493"}],"wp:attachment":[{"href":"https:\/\/www.rgequip.com\/index.php?rest_route=%2Fwp%2Fv2%2Fmedia&parent=9492"}],"wp:term":[{"taxonomy":"product_brand","embeddable":true,"href":"https:\/\/www.rgequip.com\/index.php?rest_route=%2Fwp%2Fv2%2Fproduct_brand&post=9492"},{"taxonomy":"product_cat","embeddable":true,"href":"https:\/\/www.rgequip.com\/index.php?rest_route=%2Fwp%2Fv2%2Fproduct_cat&post=9492"},{"taxonomy":"product_tag","embeddable":true,"href":"https:\/\/www.rgequip.com\/index.php?rest_route=%2Fwp%2Fv2%2Fproduct_tag&post=9492"}],"curies":[{"name":"wp","href":"https:\/\/api.w.org\/{rel}","templated":true}]}}