{"id":9482,"date":"2019-09-24T14:13:37","date_gmt":"2019-09-24T12:13:37","guid":{"rendered":"https:\/\/www.rgequip.com\/?post_type=product&#038;p=9482"},"modified":"2019-10-17T15:53:56","modified_gmt":"2019-10-17T13:53:56","slug":"crepiere-electrique-1-plaque-400-mm","status":"publish","type":"product","link":"https:\/\/www.rgequip.com\/?product=crepiere-electrique-1-plaque-400-mm","title":{"rendered":"CR\u00caPI\u00c8RE Electrique 1 Plaque 400 Mm"},"content":{"rendered":"<p>Con\u00e7u sp\u00e9cialement pour faire des cr\u00eapes.<br \/>\nPlaque de cuisson de \u00d8 400 mm en fonte avec une couche antiadh\u00e9sive.<br \/>\nDistribution de chaleur tr\u00e8s uniforme sur toute la surface.<br \/>\nAvec tiroir de rangement: dimensions 400x320x(H)30 mm.<br \/>\nAvec raclette \u00e0 cr\u00eape en bois.<br \/>\nConstruction inox.<br \/>\nThermostat r\u00e9glable de 50 \u00e0 250\u00b0C.<br \/>\nAvec une protection contre le surchauffe et un thermostat EGO.<\/p>\n","protected":false},"excerpt":{"rendered":"<p>Con\u00e7u sp\u00e9cialement pour faire des cr\u00eapes. Plaque de cuisson de \u00d8 400 mm en fonte avec une couche antiadh\u00e9sive. Distribution<\/p>\n","protected":false},"featured_media":11339,"comment_status":"open","ping_status":"closed","template":"","meta":[],"product_brand":[],"product_cat":[226,257,234],"product_tag":[],"class_list":{"0":"post-9482","1":"product","2":"type-product","3":"status-publish","4":"has-post-thumbnail","6":"product_cat-cuisson","7":"product_cat-crepiere","8":"product_cat-fun-food","10":"first","11":"instock","12":"shipping-taxable","13":"product-type-simple"},"_links":{"self":[{"href":"https:\/\/www.rgequip.com\/index.php?rest_route=\/wp\/v2\/product\/9482","targetHints":{"allow":["GET"]}}],"collection":[{"href":"https:\/\/www.rgequip.com\/index.php?rest_route=\/wp\/v2\/product"}],"about":[{"href":"https:\/\/www.rgequip.com\/index.php?rest_route=\/wp\/v2\/types\/product"}],"replies":[{"embeddable":true,"href":"https:\/\/www.rgequip.com\/index.php?rest_route=%2Fwp%2Fv2%2Fcomments&post=9482"}],"version-history":[{"count":0,"href":"https:\/\/www.rgequip.com\/index.php?rest_route=\/wp\/v2\/product\/9482\/revisions"}],"wp:featuredmedia":[{"embeddable":true,"href":"https:\/\/www.rgequip.com\/index.php?rest_route=\/wp\/v2\/media\/11339"}],"wp:attachment":[{"href":"https:\/\/www.rgequip.com\/index.php?rest_route=%2Fwp%2Fv2%2Fmedia&parent=9482"}],"wp:term":[{"taxonomy":"product_brand","embeddable":true,"href":"https:\/\/www.rgequip.com\/index.php?rest_route=%2Fwp%2Fv2%2Fproduct_brand&post=9482"},{"taxonomy":"product_cat","embeddable":true,"href":"https:\/\/www.rgequip.com\/index.php?rest_route=%2Fwp%2Fv2%2Fproduct_cat&post=9482"},{"taxonomy":"product_tag","embeddable":true,"href":"https:\/\/www.rgequip.com\/index.php?rest_route=%2Fwp%2Fv2%2Fproduct_tag&post=9482"}],"curies":[{"name":"wp","href":"https:\/\/api.w.org\/{rel}","templated":true}]}}