{"id":9480,"date":"2019-09-24T14:09:49","date_gmt":"2019-09-24T12:09:49","guid":{"rendered":"https:\/\/www.rgequip.com\/?post_type=product&#038;p=9480"},"modified":"2019-09-24T14:09:49","modified_gmt":"2019-09-24T12:09:49","slug":"crepiere-electrique-1-plaque-360w","status":"publish","type":"product","link":"https:\/\/www.rgequip.com\/?product=crepiere-electrique-1-plaque-360w","title":{"rendered":"Cr\u00eapi\u00e8re Electrique 1 Plaque 360W"},"content":{"rendered":"<p>\u00c9quip\u00e9e d&#8217;une plaque en fonte \u00e9maill\u00e9e\u00a0de 400 mm de diam\u00e8tre.<br \/>\nGarantit une cuisson parfaitement homog\u00e8ne.<br \/>\nLa cr\u00eapi\u00e8re professionnelle est alors parfaitement lisse. Elle assure un excellent transfert de temp\u00e9rature et\u00a0une v\u00e9ritable cuisson par contact.<br \/>\n<b>Equipement\u00a0<\/b>: r\u00e9sistance incoloy, commutateur, voyant de contr\u00f4le, &#8220;T&#8221; en bois pour \u00e9taler la p\u00e2te.<\/p>\n<p><b>Options\u00a0<\/b>:<\/p>\n<p>&#8211;\u00a0\u00a0\u00a0\u00a0\u00a0\u00a0\u00a0\u00a0\u00a0 plaque \u00e0 blinis avec 6 empreintes de diam\u00e8tre 110 mm.<\/p>\n<p>&#8211;\u00a0\u00a0\u00a0\u00a0\u00a0\u00a0\u00a0\u00a0\u00a0 Kit cr\u00eapi\u00e8re CK 3\u00a0 tout inox : 2 spatules, 2 \u00ab\u00a0T\u00a0\u00bb en bois, 1 tampon graisseur<\/p>\n<p>&#8211;\u00a0\u00a0\u00a0\u00a0\u00a0\u00a0\u00a0\u00a0\u00a0 Recharges de mix de p\u00e2te \u00e0 cr\u00eapes, recette Roller Grill (10 paquets de 1kg)<\/p>\n<p>&nbsp;<\/p>\n<p>&nbsp;<\/p>\n","protected":false},"excerpt":{"rendered":"<p>\u00c9quip\u00e9e d&#8217;une plaque en fonte \u00e9maill\u00e9e\u00a0de 400 mm de diam\u00e8tre. Garantit une cuisson parfaitement homog\u00e8ne. La cr\u00eapi\u00e8re professionnelle est alors<\/p>\n","protected":false},"featured_media":9481,"comment_status":"open","ping_status":"closed","template":"","meta":[],"product_brand":[],"product_cat":[226,257,234],"product_tag":[],"class_list":{"0":"post-9480","1":"product","2":"type-product","3":"status-publish","4":"has-post-thumbnail","6":"product_cat-cuisson","7":"product_cat-crepiere","8":"product_cat-fun-food","10":"first","11":"instock","12":"shipping-taxable","13":"product-type-simple"},"_links":{"self":[{"href":"https:\/\/www.rgequip.com\/index.php?rest_route=\/wp\/v2\/product\/9480","targetHints":{"allow":["GET"]}}],"collection":[{"href":"https:\/\/www.rgequip.com\/index.php?rest_route=\/wp\/v2\/product"}],"about":[{"href":"https:\/\/www.rgequip.com\/index.php?rest_route=\/wp\/v2\/types\/product"}],"replies":[{"embeddable":true,"href":"https:\/\/www.rgequip.com\/index.php?rest_route=%2Fwp%2Fv2%2Fcomments&post=9480"}],"version-history":[{"count":0,"href":"https:\/\/www.rgequip.com\/index.php?rest_route=\/wp\/v2\/product\/9480\/revisions"}],"wp:featuredmedia":[{"embeddable":true,"href":"https:\/\/www.rgequip.com\/index.php?rest_route=\/wp\/v2\/media\/9481"}],"wp:attachment":[{"href":"https:\/\/www.rgequip.com\/index.php?rest_route=%2Fwp%2Fv2%2Fmedia&parent=9480"}],"wp:term":[{"taxonomy":"product_brand","embeddable":true,"href":"https:\/\/www.rgequip.com\/index.php?rest_route=%2Fwp%2Fv2%2Fproduct_brand&post=9480"},{"taxonomy":"product_cat","embeddable":true,"href":"https:\/\/www.rgequip.com\/index.php?rest_route=%2Fwp%2Fv2%2Fproduct_cat&post=9480"},{"taxonomy":"product_tag","embeddable":true,"href":"https:\/\/www.rgequip.com\/index.php?rest_route=%2Fwp%2Fv2%2Fproduct_tag&post=9480"}],"curies":[{"name":"wp","href":"https:\/\/api.w.org\/{rel}","templated":true}]}}