{"id":9477,"date":"2019-09-24T13:47:51","date_gmt":"2019-09-24T11:47:51","guid":{"rendered":"https:\/\/www.rgequip.com\/?post_type=product&#038;p=9477"},"modified":"2019-09-24T13:54:26","modified_gmt":"2019-09-24T11:54:26","slug":"crepiere-a-gaz-1-plaque","status":"publish","type":"product","link":"https:\/\/www.rgequip.com\/?product=crepiere-a-gaz-1-plaque","title":{"rendered":"Cr\u00eapi\u00e8re A Gaz 1 plaque"},"content":{"rendered":"<p>Corps en acier inox<br \/>\nPlaque de cuisson en fonte avec surface \u00e0 plusieurs nervures antid\u00e9rapante<br \/>\nDisponibles avec une ou deux plaques de cuisson<br \/>\nAlimentation au G.P.L., livr\u00e9 avec kit m\u00e9thane R\u00e9gulateur de puissance de flamme \u00e0 huit positions<br \/>\nAllumage avec pi\u00e9zo\u00e9lectrique<br \/>\npieds r\u00e9glables<br \/>\nplaques doubles avec fonctionnement ind\u00e9pendant.<\/p>\n","protected":false},"excerpt":{"rendered":"<p>Corps en acier inox Plaque de cuisson en fonte avec surface \u00e0 plusieurs nervures antid\u00e9rapante Disponibles avec une ou deux<\/p>\n","protected":false},"featured_media":9479,"comment_status":"open","ping_status":"closed","template":"","meta":[],"product_brand":[],"product_cat":[226,257,234],"product_tag":[],"class_list":{"0":"post-9477","1":"product","2":"type-product","3":"status-publish","4":"has-post-thumbnail","6":"product_cat-cuisson","7":"product_cat-crepiere","8":"product_cat-fun-food","10":"first","11":"instock","12":"shipping-taxable","13":"product-type-simple"},"_links":{"self":[{"href":"https:\/\/www.rgequip.com\/index.php?rest_route=\/wp\/v2\/product\/9477","targetHints":{"allow":["GET"]}}],"collection":[{"href":"https:\/\/www.rgequip.com\/index.php?rest_route=\/wp\/v2\/product"}],"about":[{"href":"https:\/\/www.rgequip.com\/index.php?rest_route=\/wp\/v2\/types\/product"}],"replies":[{"embeddable":true,"href":"https:\/\/www.rgequip.com\/index.php?rest_route=%2Fwp%2Fv2%2Fcomments&post=9477"}],"version-history":[{"count":1,"href":"https:\/\/www.rgequip.com\/index.php?rest_route=\/wp\/v2\/product\/9477\/revisions"}],"predecessor-version":[{"id":9478,"href":"https:\/\/www.rgequip.com\/index.php?rest_route=\/wp\/v2\/product\/9477\/revisions\/9478"}],"wp:featuredmedia":[{"embeddable":true,"href":"https:\/\/www.rgequip.com\/index.php?rest_route=\/wp\/v2\/media\/9479"}],"wp:attachment":[{"href":"https:\/\/www.rgequip.com\/index.php?rest_route=%2Fwp%2Fv2%2Fmedia&parent=9477"}],"wp:term":[{"taxonomy":"product_brand","embeddable":true,"href":"https:\/\/www.rgequip.com\/index.php?rest_route=%2Fwp%2Fv2%2Fproduct_brand&post=9477"},{"taxonomy":"product_cat","embeddable":true,"href":"https:\/\/www.rgequip.com\/index.php?rest_route=%2Fwp%2Fv2%2Fproduct_cat&post=9477"},{"taxonomy":"product_tag","embeddable":true,"href":"https:\/\/www.rgequip.com\/index.php?rest_route=%2Fwp%2Fv2%2Fproduct_tag&post=9477"}],"curies":[{"name":"wp","href":"https:\/\/api.w.org\/{rel}","templated":true}]}}