{"id":9462,"date":"2019-09-24T13:03:13","date_gmt":"2019-09-24T11:03:13","guid":{"rendered":"https:\/\/www.rgequip.com\/?post_type=product&#038;p=9462"},"modified":"2019-09-24T13:03:13","modified_gmt":"2019-09-24T11:03:13","slug":"soupiere-electrique-10l","status":"publish","type":"product","link":"https:\/\/www.rgequip.com\/?product=soupiere-electrique-10l","title":{"rendered":"Soupi\u00e8re \u00e9lectrique 10L"},"content":{"rendered":"<p>SOUPIERE ELECTRIQUE :Recouverte d&#8217;une peinture \u00e9lectrostatique.<br \/>\nGrande facilit\u00e9 d&#8217;entretien et de nettoyage.<br \/>\nControle de la temp\u00e9rature par commutateur externe.<br \/>\nPermet de maintenir les pr\u00e9parations entre 60\u00b0C et 70\u00b0C.<br \/>\nTension et voltage : 220-240 V \/ 50 Hz.<\/p>\n","protected":false},"excerpt":{"rendered":"<p>SOUPIERE ELECTRIQUE :Recouverte d&#8217;une peinture \u00e9lectrostatique. Grande facilit\u00e9 d&#8217;entretien et de nettoyage. Controle de la temp\u00e9rature par commutateur externe. Permet<\/p>\n","protected":false},"featured_media":9463,"comment_status":"open","ping_status":"closed","template":"","meta":[],"product_brand":[],"product_cat":[226,236,266],"product_tag":[],"class_list":{"0":"post-9462","1":"product","2":"type-product","3":"status-publish","4":"has-post-thumbnail","6":"product_cat-cuisson","7":"product_cat-cuiseurs","8":"product_cat-soupieres","10":"first","11":"instock","12":"shipping-taxable","13":"product-type-simple"},"_links":{"self":[{"href":"https:\/\/www.rgequip.com\/index.php?rest_route=\/wp\/v2\/product\/9462","targetHints":{"allow":["GET"]}}],"collection":[{"href":"https:\/\/www.rgequip.com\/index.php?rest_route=\/wp\/v2\/product"}],"about":[{"href":"https:\/\/www.rgequip.com\/index.php?rest_route=\/wp\/v2\/types\/product"}],"replies":[{"embeddable":true,"href":"https:\/\/www.rgequip.com\/index.php?rest_route=%2Fwp%2Fv2%2Fcomments&post=9462"}],"version-history":[{"count":0,"href":"https:\/\/www.rgequip.com\/index.php?rest_route=\/wp\/v2\/product\/9462\/revisions"}],"wp:featuredmedia":[{"embeddable":true,"href":"https:\/\/www.rgequip.com\/index.php?rest_route=\/wp\/v2\/media\/9463"}],"wp:attachment":[{"href":"https:\/\/www.rgequip.com\/index.php?rest_route=%2Fwp%2Fv2%2Fmedia&parent=9462"}],"wp:term":[{"taxonomy":"product_brand","embeddable":true,"href":"https:\/\/www.rgequip.com\/index.php?rest_route=%2Fwp%2Fv2%2Fproduct_brand&post=9462"},{"taxonomy":"product_cat","embeddable":true,"href":"https:\/\/www.rgequip.com\/index.php?rest_route=%2Fwp%2Fv2%2Fproduct_cat&post=9462"},{"taxonomy":"product_tag","embeddable":true,"href":"https:\/\/www.rgequip.com\/index.php?rest_route=%2Fwp%2Fv2%2Fproduct_tag&post=9462"}],"curies":[{"name":"wp","href":"https:\/\/api.w.org\/{rel}","templated":true}]}}