{"id":9460,"date":"2019-09-24T12:57:42","date_gmt":"2019-09-24T10:57:42","guid":{"rendered":"https:\/\/www.rgequip.com\/?post_type=product&#038;p=9460"},"modified":"2019-10-14T16:58:19","modified_gmt":"2019-10-14T14:58:19","slug":"chafing-dish-gastronorme-1-2","status":"publish","type":"product","link":"https:\/\/www.rgequip.com\/?product=chafing-dish-gastronorme-1-2","title":{"rendered":"Chafing Dish gastronorme 1\/2"},"content":{"rendered":"<p class=\"artikelgroupLink\">CHAFING DISH GASTRONORME 1\/2<\/p>\n<ul class=\"remarklist\">\n<li class=\"red\">Id\u00e9al pour buffets et traiteurs<\/li>\n<li class=\"purple\">Mod\u00e8le Economique<br \/>\nCouvercle et support de couvercle poli brillant<br \/>\nLivr\u00e9 avec un br\u00fbleur et un bac inox profondeur 65 mm<br \/>\nConvient aux bacs jusqu&#8217;\u00e0 65 mm de profondeur<\/li>\n<\/ul>\n","protected":false},"excerpt":{"rendered":"<p>CHAFING DISH GASTRONORME 1\/2 Id\u00e9al pour buffets et traiteurs Mod\u00e8le Economique Couvercle et support de couvercle poli brillant Livr\u00e9 avec<\/p>\n","protected":false},"featured_media":11102,"comment_status":"open","ping_status":"closed","template":"","meta":[],"product_brand":[],"product_cat":[313,306,298],"product_tag":[],"class_list":{"0":"post-9460","1":"product","2":"type-product","3":"status-publish","4":"has-post-thumbnail","6":"product_cat-maintien-chaud","7":"product_cat-a-poser","8":"product_cat-chafin-dish","10":"first","11":"instock","12":"shipping-taxable","13":"product-type-simple"},"_links":{"self":[{"href":"https:\/\/www.rgequip.com\/index.php?rest_route=\/wp\/v2\/product\/9460","targetHints":{"allow":["GET"]}}],"collection":[{"href":"https:\/\/www.rgequip.com\/index.php?rest_route=\/wp\/v2\/product"}],"about":[{"href":"https:\/\/www.rgequip.com\/index.php?rest_route=\/wp\/v2\/types\/product"}],"replies":[{"embeddable":true,"href":"https:\/\/www.rgequip.com\/index.php?rest_route=%2Fwp%2Fv2%2Fcomments&post=9460"}],"version-history":[{"count":1,"href":"https:\/\/www.rgequip.com\/index.php?rest_route=\/wp\/v2\/product\/9460\/revisions"}],"predecessor-version":[{"id":11101,"href":"https:\/\/www.rgequip.com\/index.php?rest_route=\/wp\/v2\/product\/9460\/revisions\/11101"}],"wp:featuredmedia":[{"embeddable":true,"href":"https:\/\/www.rgequip.com\/index.php?rest_route=\/wp\/v2\/media\/11102"}],"wp:attachment":[{"href":"https:\/\/www.rgequip.com\/index.php?rest_route=%2Fwp%2Fv2%2Fmedia&parent=9460"}],"wp:term":[{"taxonomy":"product_brand","embeddable":true,"href":"https:\/\/www.rgequip.com\/index.php?rest_route=%2Fwp%2Fv2%2Fproduct_brand&post=9460"},{"taxonomy":"product_cat","embeddable":true,"href":"https:\/\/www.rgequip.com\/index.php?rest_route=%2Fwp%2Fv2%2Fproduct_cat&post=9460"},{"taxonomy":"product_tag","embeddable":true,"href":"https:\/\/www.rgequip.com\/index.php?rest_route=%2Fwp%2Fv2%2Fproduct_tag&post=9460"}],"curies":[{"name":"wp","href":"https:\/\/api.w.org\/{rel}","templated":true}]}}