{"id":9459,"date":"2019-09-24T12:48:30","date_gmt":"2019-09-24T10:48:30","guid":{"rendered":"https:\/\/www.rgequip.com\/?post_type=product&#038;p=9459"},"modified":"2019-09-24T12:51:23","modified_gmt":"2019-09-24T10:51:23","slug":"chafing-dish-a-soupes-o370xh325","status":"publish","type":"product","link":"https:\/\/www.rgequip.com\/?product=chafing-dish-a-soupes-o370xh325","title":{"rendered":"Chafing Dish \u00e0  soupes \u00d8370x(H)325"},"content":{"rendered":"<h1 class=\"artikelgroupLink\">R\u00c9CHAUD \u00c0 SOUPE<\/h1>\n<ul class=\"remarklist\">\n<li class=\"red\">Id\u00e9al pour buffets et traiteurs<\/li>\n<li class=\"purple\">Mod\u00e8le Economique<br \/>\nComprend un r\u00e9cipient pour la p\u00e2te combustible et une marmite \u00e0 soupe en inox avec couvercle<\/li>\n<\/ul>\n<div class=\"articlegroup_articlenumbers\"><\/div>\n","protected":false},"excerpt":{"rendered":"<p>R\u00c9CHAUD \u00c0 SOUPE Id\u00e9al pour buffets et traiteurs Mod\u00e8le Economique Comprend un r\u00e9cipient pour la p\u00e2te combustible et une marmite<\/p>\n","protected":false},"featured_media":9453,"comment_status":"open","ping_status":"closed","template":"","meta":[],"product_brand":[],"product_cat":[313,306,298],"product_tag":[],"class_list":{"0":"post-9459","1":"product","2":"type-product","3":"status-publish","4":"has-post-thumbnail","6":"product_cat-maintien-chaud","7":"product_cat-a-poser","8":"product_cat-chafin-dish","10":"first","11":"instock","12":"shipping-taxable","13":"product-type-simple"},"_links":{"self":[{"href":"https:\/\/www.rgequip.com\/index.php?rest_route=\/wp\/v2\/product\/9459","targetHints":{"allow":["GET"]}}],"collection":[{"href":"https:\/\/www.rgequip.com\/index.php?rest_route=\/wp\/v2\/product"}],"about":[{"href":"https:\/\/www.rgequip.com\/index.php?rest_route=\/wp\/v2\/types\/product"}],"replies":[{"embeddable":true,"href":"https:\/\/www.rgequip.com\/index.php?rest_route=%2Fwp%2Fv2%2Fcomments&post=9459"}],"version-history":[{"count":0,"href":"https:\/\/www.rgequip.com\/index.php?rest_route=\/wp\/v2\/product\/9459\/revisions"}],"wp:featuredmedia":[{"embeddable":true,"href":"https:\/\/www.rgequip.com\/index.php?rest_route=\/wp\/v2\/media\/9453"}],"wp:attachment":[{"href":"https:\/\/www.rgequip.com\/index.php?rest_route=%2Fwp%2Fv2%2Fmedia&parent=9459"}],"wp:term":[{"taxonomy":"product_brand","embeddable":true,"href":"https:\/\/www.rgequip.com\/index.php?rest_route=%2Fwp%2Fv2%2Fproduct_brand&post=9459"},{"taxonomy":"product_cat","embeddable":true,"href":"https:\/\/www.rgequip.com\/index.php?rest_route=%2Fwp%2Fv2%2Fproduct_cat&post=9459"},{"taxonomy":"product_tag","embeddable":true,"href":"https:\/\/www.rgequip.com\/index.php?rest_route=%2Fwp%2Fv2%2Fproduct_tag&post=9459"}],"curies":[{"name":"wp","href":"https:\/\/api.w.org\/{rel}","templated":true}]}}