{"id":9452,"date":"2019-09-24T12:35:10","date_gmt":"2019-09-24T10:35:10","guid":{"rendered":"https:\/\/www.rgequip.com\/?post_type=product&#038;p=9452"},"modified":"2019-09-24T12:45:48","modified_gmt":"2019-09-24T10:45:48","slug":"chafing-dish-a-soupe-inox","status":"publish","type":"product","link":"https:\/\/www.rgequip.com\/?product=chafing-dish-a-soupe-inox","title":{"rendered":"Chafing Dish pour soupes &#8211; Rond"},"content":{"rendered":"<h1 class=\"artikelgroupLink\">CHAFING DISH POUR SOUPES &#8211; ROND<\/h1>\n<ul class=\"remarklist\">\n<li class=\"red\">Id\u00e9al pour buffets et traiteurs<\/li>\n<li class=\"purple\">Chafing dish \u00e9l\u00e9gant pour buffets.<br \/>\nFermeture particuli\u00e8rement silencieuse brevet\u00e9.<br \/>\nCouvercle avec une ouverture vers le haut et m\u00e9canisme de fermeture lente.<br \/>\nLe couvercle est fait avec des trous d&#8217;a\u00e9ration et un hublot de \u00f8 260 mm.<br \/>\nL&#8217;ensemble comprend un support pour la bo\u00eete de combustible.<br \/>\nCuve \u00e0 soupe: dimensions int\u00e9rieures 265 x (H) 200 mm.<br \/>\nFait en inox brillant.<br \/>\nStructure en acier &#8211; \u00e9paisseur de 2,8 mm, couvercle et b\u00e2ti &#8211; \u00e9paisseur de 1,2 mm.<\/li>\n<\/ul>\n","protected":false},"excerpt":{"rendered":"<p>CHAFING DISH POUR SOUPES &#8211; ROND Id\u00e9al pour buffets et traiteurs Chafing dish \u00e9l\u00e9gant pour buffets. Fermeture particuli\u00e8rement silencieuse brevet\u00e9.<\/p>\n","protected":false},"featured_media":9456,"comment_status":"open","ping_status":"closed","template":"","meta":[],"product_brand":[],"product_cat":[313,306,298],"product_tag":[],"class_list":{"0":"post-9452","1":"product","2":"type-product","3":"status-publish","4":"has-post-thumbnail","6":"product_cat-maintien-chaud","7":"product_cat-a-poser","8":"product_cat-chafin-dish","10":"first","11":"instock","12":"shipping-taxable","13":"product-type-simple"},"_links":{"self":[{"href":"https:\/\/www.rgequip.com\/index.php?rest_route=\/wp\/v2\/product\/9452","targetHints":{"allow":["GET"]}}],"collection":[{"href":"https:\/\/www.rgequip.com\/index.php?rest_route=\/wp\/v2\/product"}],"about":[{"href":"https:\/\/www.rgequip.com\/index.php?rest_route=\/wp\/v2\/types\/product"}],"replies":[{"embeddable":true,"href":"https:\/\/www.rgequip.com\/index.php?rest_route=%2Fwp%2Fv2%2Fcomments&post=9452"}],"version-history":[{"count":1,"href":"https:\/\/www.rgequip.com\/index.php?rest_route=\/wp\/v2\/product\/9452\/revisions"}],"predecessor-version":[{"id":9454,"href":"https:\/\/www.rgequip.com\/index.php?rest_route=\/wp\/v2\/product\/9452\/revisions\/9454"}],"wp:featuredmedia":[{"embeddable":true,"href":"https:\/\/www.rgequip.com\/index.php?rest_route=\/wp\/v2\/media\/9456"}],"wp:attachment":[{"href":"https:\/\/www.rgequip.com\/index.php?rest_route=%2Fwp%2Fv2%2Fmedia&parent=9452"}],"wp:term":[{"taxonomy":"product_brand","embeddable":true,"href":"https:\/\/www.rgequip.com\/index.php?rest_route=%2Fwp%2Fv2%2Fproduct_brand&post=9452"},{"taxonomy":"product_cat","embeddable":true,"href":"https:\/\/www.rgequip.com\/index.php?rest_route=%2Fwp%2Fv2%2Fproduct_cat&post=9452"},{"taxonomy":"product_tag","embeddable":true,"href":"https:\/\/www.rgequip.com\/index.php?rest_route=%2Fwp%2Fv2%2Fproduct_tag&post=9452"}],"curies":[{"name":"wp","href":"https:\/\/api.w.org\/{rel}","templated":true}]}}