{"id":9451,"date":"2019-09-24T12:31:55","date_gmt":"2019-09-24T10:31:55","guid":{"rendered":"https:\/\/www.rgequip.com\/?post_type=product&#038;p=9451"},"modified":"2019-10-14T17:11:51","modified_gmt":"2019-10-14T15:11:51","slug":"chafing-dish-rond-o390xh270","status":"publish","type":"product","link":"https:\/\/www.rgequip.com\/?product=chafing-dish-rond-o390xh270","title":{"rendered":"Chafing dish rond \u00d8390x(H)270"},"content":{"rendered":"<p class=\"artikelgroupLink\">CHAFING DISH &#8211; ROND<\/p>\n<ul class=\"remarklist\">\n<li class=\"red\">Id\u00e9al pour buffets et traiteurs<\/li>\n<li class=\"purple\">Couvercle en verre<br \/>\nLivr\u00e9 avec un br\u00fbleur et un bac inox<\/li>\n<\/ul>\n","protected":false},"excerpt":{"rendered":"<p>CHAFING DISH &#8211; ROND Id\u00e9al pour buffets et traiteurs Couvercle en verre Livr\u00e9 avec un br\u00fbleur et un bac inox<\/p>\n","protected":false},"featured_media":11103,"comment_status":"open","ping_status":"closed","template":"","meta":[],"product_brand":[],"product_cat":[313,306,298],"product_tag":[],"class_list":{"0":"post-9451","1":"product","2":"type-product","3":"status-publish","4":"has-post-thumbnail","6":"product_cat-maintien-chaud","7":"product_cat-a-poser","8":"product_cat-chafin-dish","10":"first","11":"instock","12":"shipping-taxable","13":"product-type-simple"},"_links":{"self":[{"href":"https:\/\/www.rgequip.com\/index.php?rest_route=\/wp\/v2\/product\/9451","targetHints":{"allow":["GET"]}}],"collection":[{"href":"https:\/\/www.rgequip.com\/index.php?rest_route=\/wp\/v2\/product"}],"about":[{"href":"https:\/\/www.rgequip.com\/index.php?rest_route=\/wp\/v2\/types\/product"}],"replies":[{"embeddable":true,"href":"https:\/\/www.rgequip.com\/index.php?rest_route=%2Fwp%2Fv2%2Fcomments&post=9451"}],"version-history":[{"count":1,"href":"https:\/\/www.rgequip.com\/index.php?rest_route=\/wp\/v2\/product\/9451\/revisions"}],"predecessor-version":[{"id":11104,"href":"https:\/\/www.rgequip.com\/index.php?rest_route=\/wp\/v2\/product\/9451\/revisions\/11104"}],"wp:featuredmedia":[{"embeddable":true,"href":"https:\/\/www.rgequip.com\/index.php?rest_route=\/wp\/v2\/media\/11103"}],"wp:attachment":[{"href":"https:\/\/www.rgequip.com\/index.php?rest_route=%2Fwp%2Fv2%2Fmedia&parent=9451"}],"wp:term":[{"taxonomy":"product_brand","embeddable":true,"href":"https:\/\/www.rgequip.com\/index.php?rest_route=%2Fwp%2Fv2%2Fproduct_brand&post=9451"},{"taxonomy":"product_cat","embeddable":true,"href":"https:\/\/www.rgequip.com\/index.php?rest_route=%2Fwp%2Fv2%2Fproduct_cat&post=9451"},{"taxonomy":"product_tag","embeddable":true,"href":"https:\/\/www.rgequip.com\/index.php?rest_route=%2Fwp%2Fv2%2Fproduct_tag&post=9451"}],"curies":[{"name":"wp","href":"https:\/\/api.w.org\/{rel}","templated":true}]}}