{"id":9447,"date":"2019-09-24T12:27:13","date_gmt":"2019-09-24T10:27:13","guid":{"rendered":"https:\/\/www.rgequip.com\/?post_type=product&#038;p=9447"},"modified":"2019-10-14T17:05:44","modified_gmt":"2019-10-14T15:05:44","slug":"chafing-dish-rond-bac-gn1-1-2-bacs-gn1-2-3-bacs-gn1-3","status":"publish","type":"product","link":"https:\/\/www.rgequip.com\/?product=chafing-dish-rond-bac-gn1-1-2-bacs-gn1-2-3-bacs-gn1-3","title":{"rendered":"Chafing dish rond + bac GN1\/1 + 2 bacs GN1\/2 + 3 bacs GN1\/3"},"content":{"rendered":"<h1 class=\"artikelgroupLink\">CHAFING DISH &#8211; ROND<\/h1>\n<ul class=\"remarklist\">\n<li class=\"red\">Id\u00e9al pour buffets et traiteurs<\/li>\n<li class=\"purple\">Couvercle en verre<br \/>\nLivr\u00e9 avec un br\u00fbleur et un bac inox<\/li>\n<\/ul>\n","protected":false},"excerpt":{"rendered":"<p>CHAFING DISH &#8211; ROND Id\u00e9al pour buffets et traiteurs Couvercle en verre Livr\u00e9 avec un br\u00fbleur et un bac inox<\/p>\n","protected":false},"featured_media":11103,"comment_status":"open","ping_status":"closed","template":"","meta":[],"product_brand":[],"product_cat":[313,306,298],"product_tag":[],"class_list":{"0":"post-9447","1":"product","2":"type-product","3":"status-publish","4":"has-post-thumbnail","6":"product_cat-maintien-chaud","7":"product_cat-a-poser","8":"product_cat-chafin-dish","10":"first","11":"instock","12":"shipping-taxable","13":"product-type-simple"},"_links":{"self":[{"href":"https:\/\/www.rgequip.com\/index.php?rest_route=\/wp\/v2\/product\/9447","targetHints":{"allow":["GET"]}}],"collection":[{"href":"https:\/\/www.rgequip.com\/index.php?rest_route=\/wp\/v2\/product"}],"about":[{"href":"https:\/\/www.rgequip.com\/index.php?rest_route=\/wp\/v2\/types\/product"}],"replies":[{"embeddable":true,"href":"https:\/\/www.rgequip.com\/index.php?rest_route=%2Fwp%2Fv2%2Fcomments&post=9447"}],"version-history":[{"count":0,"href":"https:\/\/www.rgequip.com\/index.php?rest_route=\/wp\/v2\/product\/9447\/revisions"}],"wp:featuredmedia":[{"embeddable":true,"href":"https:\/\/www.rgequip.com\/index.php?rest_route=\/wp\/v2\/media\/11103"}],"wp:attachment":[{"href":"https:\/\/www.rgequip.com\/index.php?rest_route=%2Fwp%2Fv2%2Fmedia&parent=9447"}],"wp:term":[{"taxonomy":"product_brand","embeddable":true,"href":"https:\/\/www.rgequip.com\/index.php?rest_route=%2Fwp%2Fv2%2Fproduct_brand&post=9447"},{"taxonomy":"product_cat","embeddable":true,"href":"https:\/\/www.rgequip.com\/index.php?rest_route=%2Fwp%2Fv2%2Fproduct_cat&post=9447"},{"taxonomy":"product_tag","embeddable":true,"href":"https:\/\/www.rgequip.com\/index.php?rest_route=%2Fwp%2Fv2%2Fproduct_tag&post=9447"}],"curies":[{"name":"wp","href":"https:\/\/api.w.org\/{rel}","templated":true}]}}