{"id":9445,"date":"2019-09-24T12:21:49","date_gmt":"2019-09-24T10:21:49","guid":{"rendered":"https:\/\/www.rgequip.com\/?post_type=product&#038;p=9445"},"modified":"2019-09-24T12:21:49","modified_gmt":"2019-09-24T10:21:49","slug":"ouvre-boite-industrielle-2kg","status":"publish","type":"product","link":"https:\/\/www.rgequip.com\/?product=ouvre-boite-industrielle-2kg","title":{"rendered":"Ouvre-bo\u00eete industrielle 2kg"},"content":{"rendered":"<p>L&#8217;ouvre-bo\u00eete industriel permet d&#8217;ouvrir des bo\u00eetes allant jusqu&#8217;\u00e0 560 mm de hauteur. Le mod\u00e8le EZ-40, indiqu\u00e9 pour ouvrir <strong>jusqu&#8217;\u00e0 40 bo\u00eetes par jour<\/strong>. Fabriqu\u00e9 dans des mat\u00e9riaux alimentaires s\u00e9lectionn\u00e9s et r\u00e9sistants afin de garantir un fonctionnement doux et une usure minimale. Les caract\u00e9ristiques de la lame et les engrenages \u00e9vitent les fragments de m\u00e9tal ou les bords coupants.<\/p>\n<p>Aussi, les couteaux poss\u00e8dent un traitement antibact\u00e9rien pour assurer une hygi\u00e8ne maximale. Le rev\u00eatement antibact\u00e9rien noir permet de voir la salet\u00e9 et simplifie leur nettoyage.<\/p>\n<p>De m\u00eame, le porte-couteaux, facile \u00e0 d\u00e9monter, peut \u00eatre lav\u00e9 en lave-vaisselle.<\/p>\n<p>Enfin, L&#8217;ouvre-bo\u00eete industriel EZ-40 s&#8217;homologue par NSF International (R\u00e8glementation sur l&#8217;hygi\u00e8ne, le nettoyage et les mat\u00e9riaux adapt\u00e9s au contact avec les aliments).<\/p>\n","protected":false},"excerpt":{"rendered":"<p>L&#8217;ouvre-bo\u00eete industriel permet d&#8217;ouvrir des bo\u00eetes allant jusqu&#8217;\u00e0 560 mm de hauteur. Le mod\u00e8le EZ-40, indiqu\u00e9 pour ouvrir jusqu&#8217;\u00e0 40<\/p>\n","protected":false},"featured_media":9446,"comment_status":"open","ping_status":"closed","template":"","meta":[],"product_brand":[],"product_cat":[337,340,355],"product_tag":[],"class_list":{"0":"post-9445","1":"product","2":"type-product","3":"status-publish","4":"has-post-thumbnail","6":"product_cat-preparation","7":"product_cat-accessoires-preparation","8":"product_cat-ustensils","10":"first","11":"instock","12":"shipping-taxable","13":"product-type-simple"},"_links":{"self":[{"href":"https:\/\/www.rgequip.com\/index.php?rest_route=\/wp\/v2\/product\/9445","targetHints":{"allow":["GET"]}}],"collection":[{"href":"https:\/\/www.rgequip.com\/index.php?rest_route=\/wp\/v2\/product"}],"about":[{"href":"https:\/\/www.rgequip.com\/index.php?rest_route=\/wp\/v2\/types\/product"}],"replies":[{"embeddable":true,"href":"https:\/\/www.rgequip.com\/index.php?rest_route=%2Fwp%2Fv2%2Fcomments&post=9445"}],"version-history":[{"count":0,"href":"https:\/\/www.rgequip.com\/index.php?rest_route=\/wp\/v2\/product\/9445\/revisions"}],"wp:featuredmedia":[{"embeddable":true,"href":"https:\/\/www.rgequip.com\/index.php?rest_route=\/wp\/v2\/media\/9446"}],"wp:attachment":[{"href":"https:\/\/www.rgequip.com\/index.php?rest_route=%2Fwp%2Fv2%2Fmedia&parent=9445"}],"wp:term":[{"taxonomy":"product_brand","embeddable":true,"href":"https:\/\/www.rgequip.com\/index.php?rest_route=%2Fwp%2Fv2%2Fproduct_brand&post=9445"},{"taxonomy":"product_cat","embeddable":true,"href":"https:\/\/www.rgequip.com\/index.php?rest_route=%2Fwp%2Fv2%2Fproduct_cat&post=9445"},{"taxonomy":"product_tag","embeddable":true,"href":"https:\/\/www.rgequip.com\/index.php?rest_route=%2Fwp%2Fv2%2Fproduct_tag&post=9445"}],"curies":[{"name":"wp","href":"https:\/\/api.w.org\/{rel}","templated":true}]}}