{"id":9425,"date":"2019-09-24T11:18:41","date_gmt":"2019-09-24T09:18:41","guid":{"rendered":"https:\/\/www.rgequip.com\/?post_type=product&#038;p=9425"},"modified":"2019-09-24T11:33:41","modified_gmt":"2019-09-24T09:33:41","slug":"spatule-en-polyethylene-45cm","status":"publish","type":"product","link":"https:\/\/www.rgequip.com\/?product=spatule-en-polyethylene-45cm","title":{"rendered":"Spatule en poly\u00e9thyl\u00e8ne 45cm"},"content":{"rendered":"<h1 class=\"artikelgroupLink\">ROULEAU \u00c0 P\u00c2TE EN BOIS<\/h1>\n<ul class=\"remarklist\">\n<li class=\"purple\">Largeur du rouleau: 380 mm.<br \/>\nAvec roulement \u00e0 bille.<\/li>\n<\/ul>\n","protected":false},"excerpt":{"rendered":"<p>ROULEAU \u00c0 P\u00c2TE EN BOIS Largeur du rouleau: 380 mm. Avec roulement \u00e0 bille.<\/p>\n","protected":false},"featured_media":9429,"comment_status":"open","ping_status":"closed","template":"","meta":[],"product_brand":[],"product_cat":[337,340,355],"product_tag":[],"class_list":{"0":"post-9425","1":"product","2":"type-product","3":"status-publish","4":"has-post-thumbnail","6":"product_cat-preparation","7":"product_cat-accessoires-preparation","8":"product_cat-ustensils","10":"first","11":"instock","12":"shipping-taxable","13":"product-type-simple"},"_links":{"self":[{"href":"https:\/\/www.rgequip.com\/index.php?rest_route=\/wp\/v2\/product\/9425","targetHints":{"allow":["GET"]}}],"collection":[{"href":"https:\/\/www.rgequip.com\/index.php?rest_route=\/wp\/v2\/product"}],"about":[{"href":"https:\/\/www.rgequip.com\/index.php?rest_route=\/wp\/v2\/types\/product"}],"replies":[{"embeddable":true,"href":"https:\/\/www.rgequip.com\/index.php?rest_route=%2Fwp%2Fv2%2Fcomments&post=9425"}],"version-history":[{"count":1,"href":"https:\/\/www.rgequip.com\/index.php?rest_route=\/wp\/v2\/product\/9425\/revisions"}],"predecessor-version":[{"id":9428,"href":"https:\/\/www.rgequip.com\/index.php?rest_route=\/wp\/v2\/product\/9425\/revisions\/9428"}],"wp:featuredmedia":[{"embeddable":true,"href":"https:\/\/www.rgequip.com\/index.php?rest_route=\/wp\/v2\/media\/9429"}],"wp:attachment":[{"href":"https:\/\/www.rgequip.com\/index.php?rest_route=%2Fwp%2Fv2%2Fmedia&parent=9425"}],"wp:term":[{"taxonomy":"product_brand","embeddable":true,"href":"https:\/\/www.rgequip.com\/index.php?rest_route=%2Fwp%2Fv2%2Fproduct_brand&post=9425"},{"taxonomy":"product_cat","embeddable":true,"href":"https:\/\/www.rgequip.com\/index.php?rest_route=%2Fwp%2Fv2%2Fproduct_cat&post=9425"},{"taxonomy":"product_tag","embeddable":true,"href":"https:\/\/www.rgequip.com\/index.php?rest_route=%2Fwp%2Fv2%2Fproduct_tag&post=9425"}],"curies":[{"name":"wp","href":"https:\/\/api.w.org\/{rel}","templated":true}]}}