{"id":9418,"date":"2019-09-24T11:08:25","date_gmt":"2019-09-24T09:08:25","guid":{"rendered":"https:\/\/www.rgequip.com\/?post_type=product&#038;p=9418"},"modified":"2021-04-05T13:47:55","modified_gmt":"2021-04-05T11:47:55","slug":"lave-main-avec-commande-au-genou","status":"publish","type":"product","link":"https:\/\/www.rgequip.com\/?product=lave-main-avec-commande-au-genou","title":{"rendered":"Lave Main Avec Commande Au Genou"},"content":{"rendered":"<p>Fixation murale, \u00e9vier de lavage au genou \u00e0 commande au genou &#8211; avec m\u00e9canisme, simple.<\/p>\n","protected":false},"excerpt":{"rendered":"<p>Fixation murale, \u00e9vier de lavage au genou \u00e0 commande au genou &#8211; avec m\u00e9canisme, simple.<\/p>\n","protected":false},"featured_media":9422,"comment_status":"open","ping_status":"closed","template":"","meta":[],"product_brand":[],"product_cat":[392,395,403],"product_tag":[],"class_list":{"0":"post-9418","1":"product","2":"type-product","3":"status-publish","4":"has-post-thumbnail","6":"product_cat-laverie-hygiene","7":"product_cat-hygiene","8":"product_cat-lave-main","10":"first","11":"instock","12":"shipping-taxable","13":"product-type-simple"},"_links":{"self":[{"href":"https:\/\/www.rgequip.com\/index.php?rest_route=\/wp\/v2\/product\/9418","targetHints":{"allow":["GET"]}}],"collection":[{"href":"https:\/\/www.rgequip.com\/index.php?rest_route=\/wp\/v2\/product"}],"about":[{"href":"https:\/\/www.rgequip.com\/index.php?rest_route=\/wp\/v2\/types\/product"}],"replies":[{"embeddable":true,"href":"https:\/\/www.rgequip.com\/index.php?rest_route=%2Fwp%2Fv2%2Fcomments&post=9418"}],"version-history":[{"count":1,"href":"https:\/\/www.rgequip.com\/index.php?rest_route=\/wp\/v2\/product\/9418\/revisions"}],"predecessor-version":[{"id":18861,"href":"https:\/\/www.rgequip.com\/index.php?rest_route=\/wp\/v2\/product\/9418\/revisions\/18861"}],"wp:featuredmedia":[{"embeddable":true,"href":"https:\/\/www.rgequip.com\/index.php?rest_route=\/wp\/v2\/media\/9422"}],"wp:attachment":[{"href":"https:\/\/www.rgequip.com\/index.php?rest_route=%2Fwp%2Fv2%2Fmedia&parent=9418"}],"wp:term":[{"taxonomy":"product_brand","embeddable":true,"href":"https:\/\/www.rgequip.com\/index.php?rest_route=%2Fwp%2Fv2%2Fproduct_brand&post=9418"},{"taxonomy":"product_cat","embeddable":true,"href":"https:\/\/www.rgequip.com\/index.php?rest_route=%2Fwp%2Fv2%2Fproduct_cat&post=9418"},{"taxonomy":"product_tag","embeddable":true,"href":"https:\/\/www.rgequip.com\/index.php?rest_route=%2Fwp%2Fv2%2Fproduct_tag&post=9418"}],"curies":[{"name":"wp","href":"https:\/\/api.w.org\/{rel}","templated":true}]}}