{"id":9415,"date":"2019-09-24T10:36:08","date_gmt":"2019-09-24T08:36:08","guid":{"rendered":"https:\/\/www.rgequip.com\/?post_type=product&#038;p=9415"},"modified":"2019-09-24T10:36:09","modified_gmt":"2019-09-24T08:36:09","slug":"rouleau-a-patisserie-blanc-en-polyethylene-95x38-cm","status":"publish","type":"product","link":"https:\/\/www.rgequip.com\/?product=rouleau-a-patisserie-blanc-en-polyethylene-95x38-cm","title":{"rendered":"Rouleau \u00e0 patisserie blanc en poly\u00e9thyl\u00e8ne 9,5&#215;38 cm"},"content":{"rendered":"<h3 class=\"title\">Description du produit<\/h3>\n<div class=\"content pi-section\">\n<p><strong>Rouleau Poly\u00e9thyl\u00e8ne Anti Adh\u00e9sif &#8211; 38cm<\/strong><\/p>\n<p>D\u00e9couvrez ce\u00a0<strong>rouleau en poly\u00e9thyl\u00e8ne<\/strong> de couleur blanche. De m\u00eame, ce <strong>rouleau \u00e0 p\u00e2tisserie<\/strong>\u00a0vous permettra de travailler toutes vos p\u00e2tes sans que ces derni\u00e8res n&#8217;adh\u00e8rent \u00e0 votre rouleau.<\/p>\n<p>Enfin, la mati\u00e8re de ce <strong>rouleau en poly\u00e9thyl\u00e8ne<\/strong>\u00a0vous assure des propri\u00e9t\u00e9s antiadh\u00e9sives.<\/p>\n<p>&nbsp;<\/p>\n<p><u>Caract\u00e9ristiques rouleau p\u00e2tisserie poly\u00e9thyl\u00e8ne<\/u>\u00a0:<\/p>\n<p>Couleur : Blanc translucide<\/p>\n<p>Longueur : 38 cm<\/p>\n<p>Largeur : 9,5cm<\/p>\n<\/div>\n","protected":false},"excerpt":{"rendered":"<p>Description du produit Rouleau Poly\u00e9thyl\u00e8ne Anti Adh\u00e9sif &#8211; 38cm D\u00e9couvrez ce\u00a0rouleau en poly\u00e9thyl\u00e8ne de couleur blanche. De m\u00eame, ce rouleau<\/p>\n","protected":false},"featured_media":9416,"comment_status":"open","ping_status":"closed","template":"","meta":[],"product_brand":[],"product_cat":[337,340,355],"product_tag":[],"class_list":{"0":"post-9415","1":"product","2":"type-product","3":"status-publish","4":"has-post-thumbnail","6":"product_cat-preparation","7":"product_cat-accessoires-preparation","8":"product_cat-ustensils","10":"first","11":"instock","12":"shipping-taxable","13":"product-type-simple"},"_links":{"self":[{"href":"https:\/\/www.rgequip.com\/index.php?rest_route=\/wp\/v2\/product\/9415","targetHints":{"allow":["GET"]}}],"collection":[{"href":"https:\/\/www.rgequip.com\/index.php?rest_route=\/wp\/v2\/product"}],"about":[{"href":"https:\/\/www.rgequip.com\/index.php?rest_route=\/wp\/v2\/types\/product"}],"replies":[{"embeddable":true,"href":"https:\/\/www.rgequip.com\/index.php?rest_route=%2Fwp%2Fv2%2Fcomments&post=9415"}],"version-history":[{"count":0,"href":"https:\/\/www.rgequip.com\/index.php?rest_route=\/wp\/v2\/product\/9415\/revisions"}],"wp:featuredmedia":[{"embeddable":true,"href":"https:\/\/www.rgequip.com\/index.php?rest_route=\/wp\/v2\/media\/9416"}],"wp:attachment":[{"href":"https:\/\/www.rgequip.com\/index.php?rest_route=%2Fwp%2Fv2%2Fmedia&parent=9415"}],"wp:term":[{"taxonomy":"product_brand","embeddable":true,"href":"https:\/\/www.rgequip.com\/index.php?rest_route=%2Fwp%2Fv2%2Fproduct_brand&post=9415"},{"taxonomy":"product_cat","embeddable":true,"href":"https:\/\/www.rgequip.com\/index.php?rest_route=%2Fwp%2Fv2%2Fproduct_cat&post=9415"},{"taxonomy":"product_tag","embeddable":true,"href":"https:\/\/www.rgequip.com\/index.php?rest_route=%2Fwp%2Fv2%2Fproduct_tag&post=9415"}],"curies":[{"name":"wp","href":"https:\/\/api.w.org\/{rel}","templated":true}]}}