{"id":9397,"date":"2019-09-24T05:29:08","date_gmt":"2019-09-24T03:29:08","guid":{"rendered":"https:\/\/www.rgequip.com\/?post_type=product&#038;p=9397"},"modified":"2019-09-24T05:34:35","modified_gmt":"2019-09-24T03:34:35","slug":"grand-mortier-en-polyethylene-11145-cm","status":"publish","type":"product","link":"https:\/\/www.rgequip.com\/?product=grand-mortier-en-polyethylene-11145-cm","title":{"rendered":"Grand mortier en poly\u00e9thyl\u00e8ne 11*14,5 cm"},"content":{"rendered":"<h2>Mortier de poly\u00e9thyl\u00e8ne raclette ailette type de cuisine carr\u00e9e<\/h2>\n<div>Le mortier de poly\u00e9thyl\u00e8ne \u00e0 l&#8217;ail de mod\u00e8le carr\u00e9\u00a0 fabriqu\u00e9 \u00e0 partir de poly\u00e9thyl\u00e8ne. Et approuv\u00e9 par le minist\u00e8re de la Sant\u00e9 et produit conform\u00e9ment aux normes alimentaires.<\/div>\n<div>Taille 11 x 14,5 Cm<\/div>\n","protected":false},"excerpt":{"rendered":"<p>Mortier de poly\u00e9thyl\u00e8ne raclette ailette type de cuisine carr\u00e9e Le mortier de poly\u00e9thyl\u00e8ne \u00e0 l&#8217;ail de mod\u00e8le carr\u00e9\u00a0 fabriqu\u00e9 \u00e0<\/p>\n","protected":false},"featured_media":9396,"comment_status":"open","ping_status":"closed","template":"","meta":[],"product_brand":[],"product_cat":[337,340,355],"product_tag":[],"class_list":{"0":"post-9397","1":"product","2":"type-product","3":"status-publish","4":"has-post-thumbnail","6":"product_cat-preparation","7":"product_cat-accessoires-preparation","8":"product_cat-ustensils","10":"first","11":"instock","12":"shipping-taxable","13":"product-type-simple"},"_links":{"self":[{"href":"https:\/\/www.rgequip.com\/index.php?rest_route=\/wp\/v2\/product\/9397","targetHints":{"allow":["GET"]}}],"collection":[{"href":"https:\/\/www.rgequip.com\/index.php?rest_route=\/wp\/v2\/product"}],"about":[{"href":"https:\/\/www.rgequip.com\/index.php?rest_route=\/wp\/v2\/types\/product"}],"replies":[{"embeddable":true,"href":"https:\/\/www.rgequip.com\/index.php?rest_route=%2Fwp%2Fv2%2Fcomments&post=9397"}],"version-history":[{"count":0,"href":"https:\/\/www.rgequip.com\/index.php?rest_route=\/wp\/v2\/product\/9397\/revisions"}],"wp:featuredmedia":[{"embeddable":true,"href":"https:\/\/www.rgequip.com\/index.php?rest_route=\/wp\/v2\/media\/9396"}],"wp:attachment":[{"href":"https:\/\/www.rgequip.com\/index.php?rest_route=%2Fwp%2Fv2%2Fmedia&parent=9397"}],"wp:term":[{"taxonomy":"product_brand","embeddable":true,"href":"https:\/\/www.rgequip.com\/index.php?rest_route=%2Fwp%2Fv2%2Fproduct_brand&post=9397"},{"taxonomy":"product_cat","embeddable":true,"href":"https:\/\/www.rgequip.com\/index.php?rest_route=%2Fwp%2Fv2%2Fproduct_cat&post=9397"},{"taxonomy":"product_tag","embeddable":true,"href":"https:\/\/www.rgequip.com\/index.php?rest_route=%2Fwp%2Fv2%2Fproduct_tag&post=9397"}],"curies":[{"name":"wp","href":"https:\/\/api.w.org\/{rel}","templated":true}]}}