{"id":9369,"date":"2019-09-23T19:31:03","date_gmt":"2019-09-23T17:31:03","guid":{"rendered":"https:\/\/www.rgequip.com\/?post_type=product&#038;p=9369"},"modified":"2019-09-23T19:31:03","modified_gmt":"2019-09-23T17:31:03","slug":"crepiere-01-plaque-monophasee","status":"publish","type":"product","link":"https:\/\/www.rgequip.com\/?product=crepiere-01-plaque-monophasee","title":{"rendered":"Cr\u00eapi\u00e8re 01 Plaque Monophas\u00e9e"},"content":{"rendered":"<p>CR\u00caPI\u00c8RES \u00c9LECTRIQUES: Corps en acier inox &#8211;<br \/>\nplaque de cuisson en fonte avec surface \u00e0 plusieurs nervures antid\u00e9rapante<br \/>\ndisponibles avec une ou deux plaques de cuisson<br \/>\nthermostats de 0 \u00e0 300 \u00b0C de r\u00e9glage de temp\u00e9rature sur chaque plaque<br \/>\nplaques doubles avec fonctionnement ind\u00e9pendant.<\/p>\n","protected":false},"excerpt":{"rendered":"<p>CR\u00caPI\u00c8RES \u00c9LECTRIQUES: Corps en acier inox &#8211; plaque de cuisson en fonte avec surface \u00e0 plusieurs nervures antid\u00e9rapante disponibles avec<\/p>\n","protected":false},"featured_media":9370,"comment_status":"open","ping_status":"closed","template":"","meta":[],"product_brand":[],"product_cat":[226,257,234],"product_tag":[],"class_list":{"0":"post-9369","1":"product","2":"type-product","3":"status-publish","4":"has-post-thumbnail","6":"product_cat-cuisson","7":"product_cat-crepiere","8":"product_cat-fun-food","10":"first","11":"instock","12":"shipping-taxable","13":"product-type-simple"},"_links":{"self":[{"href":"https:\/\/www.rgequip.com\/index.php?rest_route=\/wp\/v2\/product\/9369","targetHints":{"allow":["GET"]}}],"collection":[{"href":"https:\/\/www.rgequip.com\/index.php?rest_route=\/wp\/v2\/product"}],"about":[{"href":"https:\/\/www.rgequip.com\/index.php?rest_route=\/wp\/v2\/types\/product"}],"replies":[{"embeddable":true,"href":"https:\/\/www.rgequip.com\/index.php?rest_route=%2Fwp%2Fv2%2Fcomments&post=9369"}],"version-history":[{"count":0,"href":"https:\/\/www.rgequip.com\/index.php?rest_route=\/wp\/v2\/product\/9369\/revisions"}],"wp:featuredmedia":[{"embeddable":true,"href":"https:\/\/www.rgequip.com\/index.php?rest_route=\/wp\/v2\/media\/9370"}],"wp:attachment":[{"href":"https:\/\/www.rgequip.com\/index.php?rest_route=%2Fwp%2Fv2%2Fmedia&parent=9369"}],"wp:term":[{"taxonomy":"product_brand","embeddable":true,"href":"https:\/\/www.rgequip.com\/index.php?rest_route=%2Fwp%2Fv2%2Fproduct_brand&post=9369"},{"taxonomy":"product_cat","embeddable":true,"href":"https:\/\/www.rgequip.com\/index.php?rest_route=%2Fwp%2Fv2%2Fproduct_cat&post=9369"},{"taxonomy":"product_tag","embeddable":true,"href":"https:\/\/www.rgequip.com\/index.php?rest_route=%2Fwp%2Fv2%2Fproduct_tag&post=9369"}],"curies":[{"name":"wp","href":"https:\/\/api.w.org\/{rel}","templated":true}]}}