{"id":9365,"date":"2019-09-23T19:23:41","date_gmt":"2019-09-23T17:23:41","guid":{"rendered":"https:\/\/www.rgequip.com\/?post_type=product&#038;p=9365"},"modified":"2020-05-08T11:16:20","modified_gmt":"2020-05-08T09:16:20","slug":"four-electrique-a-convection","status":"publish","type":"product","link":"https:\/\/www.rgequip.com\/?product=four-electrique-a-convection","title":{"rendered":"Four \u00e0 gaz a Convection 10Niveaux"},"content":{"rendered":"<p>Corps en acier inoxydable<br \/>\nIsolation de l&#8217;enceinte de cuisson pour \u00e9viter les pertes de chaleur<br \/>\nThermostat de s\u00e9curit\u00e9 pour \u00e9viter la surchauffe de la temp\u00e9rature de l&#8217;enceinte de cuisson<br \/>\nContr\u00f4le num\u00e9rique de la temp\u00e9rature de cuisson par thermostat<br \/>\nTemps de cuisson r\u00e9glable jusqu&#8217;\u00e0 2 heures<br \/>\nHumidification automatique par pulv\u00e9risation de vapeur \u00e0 la demande<br \/>\n\u00c9clairage du four<br \/>\n* Chaleur de la porte avec joint en silicone sp\u00e9cial pour emp\u00eacher les fuites<\/p>\n","protected":false},"excerpt":{"rendered":"<p>Corps en acier inoxydable Isolation de l&#8217;enceinte de cuisson pour \u00e9viter les pertes de chaleur Thermostat de s\u00e9curit\u00e9 pour \u00e9viter<\/p>\n","protected":false},"featured_media":9366,"comment_status":"open","ping_status":"closed","template":"","meta":[],"product_brand":[],"product_cat":[369,372,385,384],"product_tag":[],"class_list":{"0":"post-9365","1":"product","2":"type-product","3":"status-publish","4":"has-post-thumbnail","6":"product_cat-boulangerie","7":"product_cat-cuisson-boulangerie","8":"product_cat-four-ventiles-sans-chariot","9":"product_cat-fours-combines-etuves","11":"first","12":"instock","13":"shipping-taxable","14":"product-type-simple"},"_links":{"self":[{"href":"https:\/\/www.rgequip.com\/index.php?rest_route=\/wp\/v2\/product\/9365","targetHints":{"allow":["GET"]}}],"collection":[{"href":"https:\/\/www.rgequip.com\/index.php?rest_route=\/wp\/v2\/product"}],"about":[{"href":"https:\/\/www.rgequip.com\/index.php?rest_route=\/wp\/v2\/types\/product"}],"replies":[{"embeddable":true,"href":"https:\/\/www.rgequip.com\/index.php?rest_route=%2Fwp%2Fv2%2Fcomments&post=9365"}],"version-history":[{"count":1,"href":"https:\/\/www.rgequip.com\/index.php?rest_route=\/wp\/v2\/product\/9365\/revisions"}],"predecessor-version":[{"id":17997,"href":"https:\/\/www.rgequip.com\/index.php?rest_route=\/wp\/v2\/product\/9365\/revisions\/17997"}],"wp:featuredmedia":[{"embeddable":true,"href":"https:\/\/www.rgequip.com\/index.php?rest_route=\/wp\/v2\/media\/9366"}],"wp:attachment":[{"href":"https:\/\/www.rgequip.com\/index.php?rest_route=%2Fwp%2Fv2%2Fmedia&parent=9365"}],"wp:term":[{"taxonomy":"product_brand","embeddable":true,"href":"https:\/\/www.rgequip.com\/index.php?rest_route=%2Fwp%2Fv2%2Fproduct_brand&post=9365"},{"taxonomy":"product_cat","embeddable":true,"href":"https:\/\/www.rgequip.com\/index.php?rest_route=%2Fwp%2Fv2%2Fproduct_cat&post=9365"},{"taxonomy":"product_tag","embeddable":true,"href":"https:\/\/www.rgequip.com\/index.php?rest_route=%2Fwp%2Fv2%2Fproduct_tag&post=9365"}],"curies":[{"name":"wp","href":"https:\/\/api.w.org\/{rel}","templated":true}]}}