{"id":9364,"date":"2019-09-23T19:19:12","date_gmt":"2019-09-23T17:19:12","guid":{"rendered":"https:\/\/www.rgequip.com\/?post_type=product&#038;p=9364"},"modified":"2019-10-18T14:08:34","modified_gmt":"2019-10-18T12:08:34","slug":"four-a-air-pulse-4-niveaux","status":"publish","type":"product","link":"https:\/\/www.rgequip.com\/?product=four-a-air-pulse-4-niveaux","title":{"rendered":"FOUR A AIR PULSE 4 Niveaux"},"content":{"rendered":"<p>Ce Four Mixte \u00e0 injection directe de 4 niveaux de cuisson GN 1\/1 est \u00e9lectrique.<br \/>\nCe four mixte professionnel\u00a0poss\u00e8de 3 modes de cuisson : cuisson mixte, air puls\u00e9 &amp; vapeur et convection \u00e0 air puls\u00e9.<br \/>\nPolyvalent, il garanti une cuisson r\u00e9ussie de toutes vos pr\u00e9parations.<br \/>\nAvec 4 niveaux, il dispose d&#8217;un plage de temp\u00e9rature variable de 30 \u00e0 285\u00b0C pour la version digitale .<br \/>\nDe plus,il poss\u00e8de une chambre de cuisson en acier inoxydable avec angles arrondis.<br \/>\nDot\u00e9 d&#8217;un thermostat de r\u00e9gulation m\u00e9canique, de\u00a0minuterie\u00a0manuelle\u00a0et d&#8217;\u00e9clairage int\u00e9rieur.<\/p>\n","protected":false},"excerpt":{"rendered":"<p>Ce Four Mixte \u00e0 injection directe de 4 niveaux de cuisson GN 1\/1 est \u00e9lectrique. Ce four mixte professionnel\u00a0poss\u00e8de 3<\/p>\n","protected":false},"featured_media":9363,"comment_status":"open","ping_status":"closed","template":"","meta":[],"product_brand":[],"product_cat":[369,372,385],"product_tag":[],"class_list":{"0":"post-9364","1":"product","2":"type-product","3":"status-publish","4":"has-post-thumbnail","6":"product_cat-boulangerie","7":"product_cat-cuisson-boulangerie","8":"product_cat-four-ventiles-sans-chariot","10":"first","11":"instock","12":"shipping-taxable","13":"product-type-simple"},"_links":{"self":[{"href":"https:\/\/www.rgequip.com\/index.php?rest_route=\/wp\/v2\/product\/9364","targetHints":{"allow":["GET"]}}],"collection":[{"href":"https:\/\/www.rgequip.com\/index.php?rest_route=\/wp\/v2\/product"}],"about":[{"href":"https:\/\/www.rgequip.com\/index.php?rest_route=\/wp\/v2\/types\/product"}],"replies":[{"embeddable":true,"href":"https:\/\/www.rgequip.com\/index.php?rest_route=%2Fwp%2Fv2%2Fcomments&post=9364"}],"version-history":[{"count":1,"href":"https:\/\/www.rgequip.com\/index.php?rest_route=\/wp\/v2\/product\/9364\/revisions"}],"predecessor-version":[{"id":11442,"href":"https:\/\/www.rgequip.com\/index.php?rest_route=\/wp\/v2\/product\/9364\/revisions\/11442"}],"wp:featuredmedia":[{"embeddable":true,"href":"https:\/\/www.rgequip.com\/index.php?rest_route=\/wp\/v2\/media\/9363"}],"wp:attachment":[{"href":"https:\/\/www.rgequip.com\/index.php?rest_route=%2Fwp%2Fv2%2Fmedia&parent=9364"}],"wp:term":[{"taxonomy":"product_brand","embeddable":true,"href":"https:\/\/www.rgequip.com\/index.php?rest_route=%2Fwp%2Fv2%2Fproduct_brand&post=9364"},{"taxonomy":"product_cat","embeddable":true,"href":"https:\/\/www.rgequip.com\/index.php?rest_route=%2Fwp%2Fv2%2Fproduct_cat&post=9364"},{"taxonomy":"product_tag","embeddable":true,"href":"https:\/\/www.rgequip.com\/index.php?rest_route=%2Fwp%2Fv2%2Fproduct_tag&post=9364"}],"curies":[{"name":"wp","href":"https:\/\/api.w.org\/{rel}","templated":true}]}}