{"id":9353,"date":"2019-09-23T18:44:03","date_gmt":"2019-09-23T16:44:03","guid":{"rendered":"https:\/\/www.rgequip.com\/?post_type=product&#038;p=9353"},"modified":"2019-09-23T18:44:03","modified_gmt":"2019-09-23T16:44:03","slug":"cuiseur-a-couscous-3617cm","status":"publish","type":"product","link":"https:\/\/www.rgequip.com\/?product=cuiseur-a-couscous-3617cm","title":{"rendered":"Cuiseur \u00e0 couscous 36*17cm"},"content":{"rendered":"<div class=\"electro-description clearfix\">\n<ul class=\"a-unordered-list a-vertical a-spacing-none\">\n<li><span class=\"a-list-item\">Couscoussier pratique en acier inoxydable, avec par-dessus la passoire.<\/span><\/li>\n<li><span class=\"a-list-item\">Gr\u00e2ce \u00e0 son triple rev\u00eatement sol en inox et aluminium est possible d\u2019obtenir une parfaite diffusion de la chaleur.<\/span><\/li>\n<li><span class=\"a-list-item\">La grande casserole s\u2019adapte \u00e0 la fois pour les cous cous pr\u00e9paration que pour la pr\u00e9paration de l\u00e9gumes tamis\u00e9es.<\/span><\/li>\n<li><span class=\"a-list-item\">Vapeur vous avec ce pot un couscous\u202f: Semoule aromatique, doux et vitamine erhaltend.<\/span><span class=\"a-list-item\">Enfin, Mat\u00e9riau\u202f: acier inoxydable \u2013 Couleur\u202f: Acier inoxydable \u2013 avec d\u00e4mpfl passoire \u2013 + couvercle en verre avec sortie vapeur \u2013 Triple fond pour une bonne r\u00e9partition de la chaleur en inox et aluminium \u2013 Poign\u00e9es r\u00e9sistant \u00e0 la chaleur<\/span><span class=\"a-list-item\">\u00a0\u2013 Dimensions\u202f:\u00a0 32 x 15 cm<\/span><\/li>\n<\/ul>\n<\/div>\n<p>&nbsp;<\/p>\n","protected":false},"excerpt":{"rendered":"<p>Couscoussier pratique en acier inoxydable, avec par-dessus la passoire. Gr\u00e2ce \u00e0 son triple rev\u00eatement sol en inox et aluminium est<\/p>\n","protected":false},"featured_media":9335,"comment_status":"open","ping_status":"closed","template":"","meta":[],"product_brand":[],"product_cat":[337,340,355],"product_tag":[],"class_list":{"0":"post-9353","1":"product","2":"type-product","3":"status-publish","4":"has-post-thumbnail","6":"product_cat-preparation","7":"product_cat-accessoires-preparation","8":"product_cat-ustensils","10":"first","11":"instock","12":"shipping-taxable","13":"product-type-simple"},"_links":{"self":[{"href":"https:\/\/www.rgequip.com\/index.php?rest_route=\/wp\/v2\/product\/9353","targetHints":{"allow":["GET"]}}],"collection":[{"href":"https:\/\/www.rgequip.com\/index.php?rest_route=\/wp\/v2\/product"}],"about":[{"href":"https:\/\/www.rgequip.com\/index.php?rest_route=\/wp\/v2\/types\/product"}],"replies":[{"embeddable":true,"href":"https:\/\/www.rgequip.com\/index.php?rest_route=%2Fwp%2Fv2%2Fcomments&post=9353"}],"version-history":[{"count":0,"href":"https:\/\/www.rgequip.com\/index.php?rest_route=\/wp\/v2\/product\/9353\/revisions"}],"wp:featuredmedia":[{"embeddable":true,"href":"https:\/\/www.rgequip.com\/index.php?rest_route=\/wp\/v2\/media\/9335"}],"wp:attachment":[{"href":"https:\/\/www.rgequip.com\/index.php?rest_route=%2Fwp%2Fv2%2Fmedia&parent=9353"}],"wp:term":[{"taxonomy":"product_brand","embeddable":true,"href":"https:\/\/www.rgequip.com\/index.php?rest_route=%2Fwp%2Fv2%2Fproduct_brand&post=9353"},{"taxonomy":"product_cat","embeddable":true,"href":"https:\/\/www.rgequip.com\/index.php?rest_route=%2Fwp%2Fv2%2Fproduct_cat&post=9353"},{"taxonomy":"product_tag","embeddable":true,"href":"https:\/\/www.rgequip.com\/index.php?rest_route=%2Fwp%2Fv2%2Fproduct_tag&post=9353"}],"curies":[{"name":"wp","href":"https:\/\/api.w.org\/{rel}","templated":true}]}}