{"id":9351,"date":"2019-09-23T18:40:28","date_gmt":"2019-09-23T16:40:28","guid":{"rendered":"https:\/\/www.rgequip.com\/?post_type=product&#038;p=9351"},"modified":"2019-09-23T18:40:29","modified_gmt":"2019-09-23T16:40:29","slug":"percolateur-a-double-paroi-10l","status":"publish","type":"product","link":"https:\/\/www.rgequip.com\/?product=percolateur-a-double-paroi-10l","title":{"rendered":"PERCOLATEUR \u00c0 DOUBLE PAROI 10L"},"content":{"rendered":"<p>Structure isotherme avec double paroi en inox poli r\u00e9duisant les pertes de chaleur par conduction, convection et rayonnement.<br \/>\nDe m\u00eame ils peuvent r\u00e9duire la consommation totale d&#8217;\u00e9nergie jusqu&#8217;\u00e0 20 % par rapport aux percolateurs \u00e0 simple paroi.<br \/>\nCorps et cuve en acier inoxydable.<br \/>\nPoign\u00e9es en inox soud\u00e9es avec une prise en silicone.<br \/>\nRobinet anti-gouttes.<br \/>\nIndicateur de niveau d&#8217;eau en verre.<br \/>\nBac \u00e9gouttoir avec grille en acier inoxydable.<\/p>\n","protected":false},"excerpt":{"rendered":"<p>Structure isotherme avec double paroi en inox poli r\u00e9duisant les pertes de chaleur par conduction, convection et rayonnement. De m\u00eame<\/p>\n","protected":false},"featured_media":9339,"comment_status":"open","ping_status":"closed","template":"","meta":[],"product_brand":[],"product_cat":[314,315,318],"product_tag":[],"class_list":{"0":"post-9351","1":"product","2":"type-product","3":"status-publish","4":"has-post-thumbnail","6":"product_cat-cafe-bar","7":"product_cat-cafe","8":"product_cat-percolateur-a-cafe","10":"first","11":"instock","12":"shipping-taxable","13":"product-type-simple"},"_links":{"self":[{"href":"https:\/\/www.rgequip.com\/index.php?rest_route=\/wp\/v2\/product\/9351","targetHints":{"allow":["GET"]}}],"collection":[{"href":"https:\/\/www.rgequip.com\/index.php?rest_route=\/wp\/v2\/product"}],"about":[{"href":"https:\/\/www.rgequip.com\/index.php?rest_route=\/wp\/v2\/types\/product"}],"replies":[{"embeddable":true,"href":"https:\/\/www.rgequip.com\/index.php?rest_route=%2Fwp%2Fv2%2Fcomments&post=9351"}],"version-history":[{"count":0,"href":"https:\/\/www.rgequip.com\/index.php?rest_route=\/wp\/v2\/product\/9351\/revisions"}],"wp:featuredmedia":[{"embeddable":true,"href":"https:\/\/www.rgequip.com\/index.php?rest_route=\/wp\/v2\/media\/9339"}],"wp:attachment":[{"href":"https:\/\/www.rgequip.com\/index.php?rest_route=%2Fwp%2Fv2%2Fmedia&parent=9351"}],"wp:term":[{"taxonomy":"product_brand","embeddable":true,"href":"https:\/\/www.rgequip.com\/index.php?rest_route=%2Fwp%2Fv2%2Fproduct_brand&post=9351"},{"taxonomy":"product_cat","embeddable":true,"href":"https:\/\/www.rgequip.com\/index.php?rest_route=%2Fwp%2Fv2%2Fproduct_cat&post=9351"},{"taxonomy":"product_tag","embeddable":true,"href":"https:\/\/www.rgequip.com\/index.php?rest_route=%2Fwp%2Fv2%2Fproduct_tag&post=9351"}],"curies":[{"name":"wp","href":"https:\/\/api.w.org\/{rel}","templated":true}]}}