{"id":9344,"date":"2019-09-23T18:33:24","date_gmt":"2019-09-23T16:33:24","guid":{"rendered":"https:\/\/www.rgequip.com\/?post_type=product&#038;p=9344"},"modified":"2019-09-23T18:33:24","modified_gmt":"2019-09-23T16:33:24","slug":"marmite-braisiere-avec-couvercle-2415cm","status":"publish","type":"product","link":"https:\/\/www.rgequip.com\/?product=marmite-braisiere-avec-couvercle-2415cm","title":{"rendered":"Marmite Braisiere avec couvercle 24*15cm"},"content":{"rendered":"<h1 class=\"artikelgroupLink\">BRAISI\u00c8RE AVEC COUVERCLE<\/h1>\n<ul class=\"remarklist\">\n<li class=\"red\">Finition ext\u00e9rieure poli satin\u00e9e avec collerette poli miroir<br \/>\nAussi, Montures soud\u00e9es sur plusieurs points, tr\u00e8s r\u00e9sistentes et garantie basse temp\u00e9rature.<br \/>\nR\u00e9sistant aux acides.<br \/>\nFond sandwich (inox\/aluminium\/acier magn\u00e9tique) qui combine les propri\u00e9t\u00e9s d&#8217;aluminium, conduction de la chaleur. Avec les propri\u00e9t\u00e9s de la durabilit\u00e9 et magnetisme d&#8217;inox.<br \/>\nLe fond fait par une fusion sous haute pression, gr\u00e0ce \u00e0 laquelle les surfaces de differentes couches sont assembl\u00e9es parfaitement: De m\u00eame, c&#8217;est la garantie pour la r\u00e9sistance \u00e0 la corrosion et une conduction de la chaleur optimale.<br \/>\nEnfin, toutes les couvercles sont en inox d&#8217;une \u00e9paisseur de 1 mm avec un trou d&#8217;\u00e9chappement de vapeur.<\/li>\n<\/ul>\n","protected":false},"excerpt":{"rendered":"<p>BRAISI\u00c8RE AVEC COUVERCLE Finition ext\u00e9rieure poli satin\u00e9e avec collerette poli miroir Aussi, Montures soud\u00e9es sur plusieurs points, tr\u00e8s r\u00e9sistentes et<\/p>\n","protected":false},"featured_media":9345,"comment_status":"open","ping_status":"closed","template":"","meta":[],"product_brand":[],"product_cat":[337,340,355],"product_tag":[],"class_list":{"0":"post-9344","1":"product","2":"type-product","3":"status-publish","4":"has-post-thumbnail","6":"product_cat-preparation","7":"product_cat-accessoires-preparation","8":"product_cat-ustensils","10":"first","11":"instock","12":"shipping-taxable","13":"product-type-simple"},"_links":{"self":[{"href":"https:\/\/www.rgequip.com\/index.php?rest_route=\/wp\/v2\/product\/9344","targetHints":{"allow":["GET"]}}],"collection":[{"href":"https:\/\/www.rgequip.com\/index.php?rest_route=\/wp\/v2\/product"}],"about":[{"href":"https:\/\/www.rgequip.com\/index.php?rest_route=\/wp\/v2\/types\/product"}],"replies":[{"embeddable":true,"href":"https:\/\/www.rgequip.com\/index.php?rest_route=%2Fwp%2Fv2%2Fcomments&post=9344"}],"version-history":[{"count":0,"href":"https:\/\/www.rgequip.com\/index.php?rest_route=\/wp\/v2\/product\/9344\/revisions"}],"wp:featuredmedia":[{"embeddable":true,"href":"https:\/\/www.rgequip.com\/index.php?rest_route=\/wp\/v2\/media\/9345"}],"wp:attachment":[{"href":"https:\/\/www.rgequip.com\/index.php?rest_route=%2Fwp%2Fv2%2Fmedia&parent=9344"}],"wp:term":[{"taxonomy":"product_brand","embeddable":true,"href":"https:\/\/www.rgequip.com\/index.php?rest_route=%2Fwp%2Fv2%2Fproduct_brand&post=9344"},{"taxonomy":"product_cat","embeddable":true,"href":"https:\/\/www.rgequip.com\/index.php?rest_route=%2Fwp%2Fv2%2Fproduct_cat&post=9344"},{"taxonomy":"product_tag","embeddable":true,"href":"https:\/\/www.rgequip.com\/index.php?rest_route=%2Fwp%2Fv2%2Fproduct_tag&post=9344"}],"curies":[{"name":"wp","href":"https:\/\/api.w.org\/{rel}","templated":true}]}}