{"id":9342,"date":"2019-09-23T18:32:24","date_gmt":"2019-09-23T16:32:24","guid":{"rendered":"https:\/\/www.rgequip.com\/?post_type=product&#038;p=9342"},"modified":"2019-09-23T18:32:24","modified_gmt":"2019-09-23T16:32:24","slug":"percolateur-2-robinets-5l","status":"publish","type":"product","link":"https:\/\/www.rgequip.com\/?product=percolateur-2-robinets-5l","title":{"rendered":"PERCOLATEUR 2 ROBINETS 5L"},"content":{"rendered":"<p>Le produit est fabriqu\u00e9 en acier inoxydable chrom\u00e9 de qualit\u00e9 304.<br \/>\nLa tr\u00e9mie et la passoire \u00e0 th\u00e9 sont en acier inoxydable.<br \/>\nFournit une utilisation pratique pour la consommation en vrac.<br \/>\nHygi\u00e9nique et durable. De m\u00eame Economique gr\u00e2ce a son syst\u00e8me de contr\u00f4le automatique de la chaleur .<br \/>\nLe produit comporte des indicateurs de niveau d&#8217;eau et de th\u00e9.<br \/>\nLe syst\u00e8me de chauffage de l&#8217;eau est sp\u00e9cialement con\u00e7u.<br \/>\nTube r\u00e9sistant car en acier inoxydable.<br \/>\nCertifi\u00e9 CE.<\/p>\n","protected":false},"excerpt":{"rendered":"<p>Le produit est fabriqu\u00e9 en acier inoxydable chrom\u00e9 de qualit\u00e9 304. La tr\u00e9mie et la passoire \u00e0 th\u00e9 sont en<\/p>\n","protected":false},"featured_media":9347,"comment_status":"open","ping_status":"closed","template":"","meta":[],"product_brand":[],"product_cat":[314,315,318],"product_tag":[],"class_list":{"0":"post-9342","1":"product","2":"type-product","3":"status-publish","4":"has-post-thumbnail","6":"product_cat-cafe-bar","7":"product_cat-cafe","8":"product_cat-percolateur-a-cafe","10":"first","11":"instock","12":"shipping-taxable","13":"product-type-simple"},"_links":{"self":[{"href":"https:\/\/www.rgequip.com\/index.php?rest_route=\/wp\/v2\/product\/9342","targetHints":{"allow":["GET"]}}],"collection":[{"href":"https:\/\/www.rgequip.com\/index.php?rest_route=\/wp\/v2\/product"}],"about":[{"href":"https:\/\/www.rgequip.com\/index.php?rest_route=\/wp\/v2\/types\/product"}],"replies":[{"embeddable":true,"href":"https:\/\/www.rgequip.com\/index.php?rest_route=%2Fwp%2Fv2%2Fcomments&post=9342"}],"version-history":[{"count":0,"href":"https:\/\/www.rgequip.com\/index.php?rest_route=\/wp\/v2\/product\/9342\/revisions"}],"wp:featuredmedia":[{"embeddable":true,"href":"https:\/\/www.rgequip.com\/index.php?rest_route=\/wp\/v2\/media\/9347"}],"wp:attachment":[{"href":"https:\/\/www.rgequip.com\/index.php?rest_route=%2Fwp%2Fv2%2Fmedia&parent=9342"}],"wp:term":[{"taxonomy":"product_brand","embeddable":true,"href":"https:\/\/www.rgequip.com\/index.php?rest_route=%2Fwp%2Fv2%2Fproduct_brand&post=9342"},{"taxonomy":"product_cat","embeddable":true,"href":"https:\/\/www.rgequip.com\/index.php?rest_route=%2Fwp%2Fv2%2Fproduct_cat&post=9342"},{"taxonomy":"product_tag","embeddable":true,"href":"https:\/\/www.rgequip.com\/index.php?rest_route=%2Fwp%2Fv2%2Fproduct_tag&post=9342"}],"curies":[{"name":"wp","href":"https:\/\/api.w.org\/{rel}","templated":true}]}}