{"id":9341,"date":"2019-09-23T18:26:34","date_gmt":"2019-09-23T16:26:34","guid":{"rendered":"https:\/\/www.rgequip.com\/?post_type=product&#038;p=9341"},"modified":"2019-09-23T18:26:34","modified_gmt":"2019-09-23T16:26:34","slug":"marmite-braisiere-sans-couvercle-2414cm","status":"publish","type":"product","link":"https:\/\/www.rgequip.com\/?product=marmite-braisiere-sans-couvercle-2414cm","title":{"rendered":"Marmite Braisi\u00e8re Sans Couvercle 24*14cm"},"content":{"rendered":"<h1 class=\"nom\">Braisi\u00e8re Sans Couvercle TOP LINE<\/h1>\n<div class=\"text\">La plus exclusive batterie pour la haute cuisine.<br \/>\nAussi, Corps en acier inoxydable 18\/10.<br \/>\nFacile : etiquettes identificatrices faciles \u00e0 enlever.<br \/>\nVercement facile.<br \/>\nEsth\u00e9tique : finition satin\u00e9e.<br \/>\nAussi, Qualit\u00e9 : polissage satin\u00e9 uniforme sur tous les mod\u00e8les.<br \/>\nEfficient : couvercles con\u00e7us pour \u00e9conomiser de l?energie.<br \/>\nIsolant : anses en acier inoxydable r\u00e9sistantes \u00e0 la chaleur.<br \/>\nDe m\u00eame, induction: fond sandwich (inox &#8211; alu &#8211; inox).<br \/>\nEnfin, contr\u00f4le: soudure artisanale et verification de chaque unit\u00e9.<\/div>\n","protected":false},"excerpt":{"rendered":"<p>Braisi\u00e8re Sans Couvercle TOP LINE La plus exclusive batterie pour la haute cuisine. Aussi, Corps en acier inoxydable 18\/10. Facile<\/p>\n","protected":false},"featured_media":9343,"comment_status":"open","ping_status":"closed","template":"","meta":[],"product_brand":[],"product_cat":[337,340,355],"product_tag":[],"class_list":{"0":"post-9341","1":"product","2":"type-product","3":"status-publish","4":"has-post-thumbnail","6":"product_cat-preparation","7":"product_cat-accessoires-preparation","8":"product_cat-ustensils","10":"first","11":"instock","12":"shipping-taxable","13":"product-type-simple"},"_links":{"self":[{"href":"https:\/\/www.rgequip.com\/index.php?rest_route=\/wp\/v2\/product\/9341","targetHints":{"allow":["GET"]}}],"collection":[{"href":"https:\/\/www.rgequip.com\/index.php?rest_route=\/wp\/v2\/product"}],"about":[{"href":"https:\/\/www.rgequip.com\/index.php?rest_route=\/wp\/v2\/types\/product"}],"replies":[{"embeddable":true,"href":"https:\/\/www.rgequip.com\/index.php?rest_route=%2Fwp%2Fv2%2Fcomments&post=9341"}],"version-history":[{"count":0,"href":"https:\/\/www.rgequip.com\/index.php?rest_route=\/wp\/v2\/product\/9341\/revisions"}],"wp:featuredmedia":[{"embeddable":true,"href":"https:\/\/www.rgequip.com\/index.php?rest_route=\/wp\/v2\/media\/9343"}],"wp:attachment":[{"href":"https:\/\/www.rgequip.com\/index.php?rest_route=%2Fwp%2Fv2%2Fmedia&parent=9341"}],"wp:term":[{"taxonomy":"product_brand","embeddable":true,"href":"https:\/\/www.rgequip.com\/index.php?rest_route=%2Fwp%2Fv2%2Fproduct_brand&post=9341"},{"taxonomy":"product_cat","embeddable":true,"href":"https:\/\/www.rgequip.com\/index.php?rest_route=%2Fwp%2Fv2%2Fproduct_cat&post=9341"},{"taxonomy":"product_tag","embeddable":true,"href":"https:\/\/www.rgequip.com\/index.php?rest_route=%2Fwp%2Fv2%2Fproduct_tag&post=9341"}],"curies":[{"name":"wp","href":"https:\/\/api.w.org\/{rel}","templated":true}]}}