{"id":9326,"date":"2019-09-23T18:11:22","date_gmt":"2019-09-23T16:11:22","guid":{"rendered":"https:\/\/www.rgequip.com\/?post_type=product&#038;p=9326"},"modified":"2019-09-23T18:11:23","modified_gmt":"2019-09-23T16:11:23","slug":"cuiseur-a-couscous-2812cm","status":"publish","type":"product","link":"https:\/\/www.rgequip.com\/?product=cuiseur-a-couscous-2812cm","title":{"rendered":"Cuiseur \u00e0 couscous 28*12cm"},"content":{"rendered":"<ul class=\"a-unordered-list a-vertical a-spacing-none\">\n<li><span class=\"a-list-item\">Couscoussier pratique en acier inoxydable, avec par-dessus la passoire.<\/span><\/li>\n<li><span class=\"a-list-item\">Gr\u00e2ce \u00e0 son triple rev\u00eatement sol en inox et aluminium est possible d&#8217;obtenir une parfaite diffusion de la chaleur.<\/span><\/li>\n<li><span class=\"a-list-item\">La grande casserole s&#8217;adapte \u00e0 la fois pour les cous cous pr\u00e9paration que pour la pr\u00e9paration de l\u00e9gumes tamis\u00e9es.<\/span><\/li>\n<li><span class=\"a-list-item\">Vapeur vous avec ce pot un couscous\u202f: Semoule aromatique, doux et vitamine erhaltend.\n<p><\/span><span class=\"a-list-item\">Enfin, Mat\u00e9riau\u202f: acier inoxydable \u2013 Couleur\u202f: Acier inoxydable \u2013 avec d\u00e4mpfl passoire \u2013 + couvercle en verre avec sortie vapeur \u2013 Triple fond pour une bonne r\u00e9partition de la chaleur en inox et aluminium \u2013 Poign\u00e9es r\u00e9sistant \u00e0 la chaleur<\/span><span class=\"a-list-item\"> \u2013 Dimensions\u202f:\u00a0 28 x 12 cm<\/span><\/li>\n<\/ul>\n","protected":false},"excerpt":{"rendered":"<p>Couscoussier pratique en acier inoxydable, avec par-dessus la passoire. Gr\u00e2ce \u00e0 son triple rev\u00eatement sol en inox et aluminium est<\/p>\n","protected":false},"featured_media":9332,"comment_status":"open","ping_status":"closed","template":"","meta":[],"product_brand":[],"product_cat":[337,340,355],"product_tag":[],"class_list":{"0":"post-9326","1":"product","2":"type-product","3":"status-publish","4":"has-post-thumbnail","6":"product_cat-preparation","7":"product_cat-accessoires-preparation","8":"product_cat-ustensils","10":"first","11":"instock","12":"shipping-taxable","13":"product-type-simple"},"_links":{"self":[{"href":"https:\/\/www.rgequip.com\/index.php?rest_route=\/wp\/v2\/product\/9326","targetHints":{"allow":["GET"]}}],"collection":[{"href":"https:\/\/www.rgequip.com\/index.php?rest_route=\/wp\/v2\/product"}],"about":[{"href":"https:\/\/www.rgequip.com\/index.php?rest_route=\/wp\/v2\/types\/product"}],"replies":[{"embeddable":true,"href":"https:\/\/www.rgequip.com\/index.php?rest_route=%2Fwp%2Fv2%2Fcomments&post=9326"}],"version-history":[{"count":0,"href":"https:\/\/www.rgequip.com\/index.php?rest_route=\/wp\/v2\/product\/9326\/revisions"}],"wp:featuredmedia":[{"embeddable":true,"href":"https:\/\/www.rgequip.com\/index.php?rest_route=\/wp\/v2\/media\/9332"}],"wp:attachment":[{"href":"https:\/\/www.rgequip.com\/index.php?rest_route=%2Fwp%2Fv2%2Fmedia&parent=9326"}],"wp:term":[{"taxonomy":"product_brand","embeddable":true,"href":"https:\/\/www.rgequip.com\/index.php?rest_route=%2Fwp%2Fv2%2Fproduct_brand&post=9326"},{"taxonomy":"product_cat","embeddable":true,"href":"https:\/\/www.rgequip.com\/index.php?rest_route=%2Fwp%2Fv2%2Fproduct_cat&post=9326"},{"taxonomy":"product_tag","embeddable":true,"href":"https:\/\/www.rgequip.com\/index.php?rest_route=%2Fwp%2Fv2%2Fproduct_tag&post=9326"}],"curies":[{"name":"wp","href":"https:\/\/api.w.org\/{rel}","templated":true}]}}