{"id":9317,"date":"2019-09-23T17:50:24","date_gmt":"2019-09-23T15:50:24","guid":{"rendered":"https:\/\/www.rgequip.com\/?post_type=product&#038;p=9317"},"modified":"2019-09-23T17:52:47","modified_gmt":"2019-09-23T15:52:47","slug":"feutres-a-craie-5-pieces-15mm","status":"publish","type":"product","link":"https:\/\/www.rgequip.com\/?product=feutres-a-craie-5-pieces-15mm","title":{"rendered":"Feutres \u00e0 craie 5 pi\u00e8ces 15mm"},"content":{"rendered":"<h1 class=\"artikelgroupLink\">FEUTRES \u00c0 CRAIE<\/h1>\n<ul class=\"remarklist\">\n<li class=\"purple\">Pointe biseaut\u00e9e, largeur du trait de 2 jusqu&#8217;\u00e0 6 mm<\/li>\n<\/ul>\n","protected":false},"excerpt":{"rendered":"<p>FEUTRES \u00c0 CRAIE Pointe biseaut\u00e9e, largeur du trait de 2 jusqu&#8217;\u00e0 6 mm<\/p>\n","protected":false},"featured_media":9318,"comment_status":"open","ping_status":"closed","template":"","meta":[],"product_brand":[],"product_cat":[369,374],"product_tag":[],"class_list":{"0":"post-9317","1":"product","2":"type-product","3":"status-publish","4":"has-post-thumbnail","6":"product_cat-boulangerie","7":"product_cat-autres","9":"first","10":"instock","11":"shipping-taxable","12":"product-type-simple"},"_links":{"self":[{"href":"https:\/\/www.rgequip.com\/index.php?rest_route=\/wp\/v2\/product\/9317","targetHints":{"allow":["GET"]}}],"collection":[{"href":"https:\/\/www.rgequip.com\/index.php?rest_route=\/wp\/v2\/product"}],"about":[{"href":"https:\/\/www.rgequip.com\/index.php?rest_route=\/wp\/v2\/types\/product"}],"replies":[{"embeddable":true,"href":"https:\/\/www.rgequip.com\/index.php?rest_route=%2Fwp%2Fv2%2Fcomments&post=9317"}],"version-history":[{"count":0,"href":"https:\/\/www.rgequip.com\/index.php?rest_route=\/wp\/v2\/product\/9317\/revisions"}],"wp:featuredmedia":[{"embeddable":true,"href":"https:\/\/www.rgequip.com\/index.php?rest_route=\/wp\/v2\/media\/9318"}],"wp:attachment":[{"href":"https:\/\/www.rgequip.com\/index.php?rest_route=%2Fwp%2Fv2%2Fmedia&parent=9317"}],"wp:term":[{"taxonomy":"product_brand","embeddable":true,"href":"https:\/\/www.rgequip.com\/index.php?rest_route=%2Fwp%2Fv2%2Fproduct_brand&post=9317"},{"taxonomy":"product_cat","embeddable":true,"href":"https:\/\/www.rgequip.com\/index.php?rest_route=%2Fwp%2Fv2%2Fproduct_cat&post=9317"},{"taxonomy":"product_tag","embeddable":true,"href":"https:\/\/www.rgequip.com\/index.php?rest_route=%2Fwp%2Fv2%2Fproduct_tag&post=9317"}],"curies":[{"name":"wp","href":"https:\/\/api.w.org\/{rel}","templated":true}]}}