{"id":9309,"date":"2019-09-23T17:42:46","date_gmt":"2019-09-23T15:42:46","guid":{"rendered":"https:\/\/www.rgequip.com\/?post_type=product&#038;p=9309"},"modified":"2019-09-23T17:42:46","modified_gmt":"2019-09-23T15:42:46","slug":"chariot-porte-assiette-7070175","status":"publish","type":"product","link":"https:\/\/www.rgequip.com\/?product=chariot-porte-assiette-7070175","title":{"rendered":"Chariot Porte Assiette 70*70*175"},"content":{"rendered":"<p>Structure en acier plastifi\u00e9 avec base en t\u00f4le anti-poussi\u00e8re.<br \/>\nPoign\u00e9es de conduite du chariot.<br \/>\nRoulettes \u00d8 125 dont deux, \u00e0 frein.<br \/>\nCapacit\u00e9 96 plats. Grilles vernies<\/p>\n","protected":false},"excerpt":{"rendered":"<p>Structure en acier plastifi\u00e9 avec base en t\u00f4le anti-poussi\u00e8re. Poign\u00e9es de conduite du chariot. Roulettes \u00d8 125 dont deux, \u00e0<\/p>\n","protected":false},"featured_media":9312,"comment_status":"open","ping_status":"closed","template":"","meta":[],"product_brand":[],"product_cat":[406,407],"product_tag":[],"class_list":{"0":"post-9309","1":"product","2":"type-product","3":"status-publish","4":"has-post-thumbnail","6":"product_cat-autres-inox","7":"product_cat-chariot","9":"first","10":"instock","11":"shipping-taxable","12":"product-type-simple"},"_links":{"self":[{"href":"https:\/\/www.rgequip.com\/index.php?rest_route=\/wp\/v2\/product\/9309","targetHints":{"allow":["GET"]}}],"collection":[{"href":"https:\/\/www.rgequip.com\/index.php?rest_route=\/wp\/v2\/product"}],"about":[{"href":"https:\/\/www.rgequip.com\/index.php?rest_route=\/wp\/v2\/types\/product"}],"replies":[{"embeddable":true,"href":"https:\/\/www.rgequip.com\/index.php?rest_route=%2Fwp%2Fv2%2Fcomments&post=9309"}],"version-history":[{"count":0,"href":"https:\/\/www.rgequip.com\/index.php?rest_route=\/wp\/v2\/product\/9309\/revisions"}],"wp:featuredmedia":[{"embeddable":true,"href":"https:\/\/www.rgequip.com\/index.php?rest_route=\/wp\/v2\/media\/9312"}],"wp:attachment":[{"href":"https:\/\/www.rgequip.com\/index.php?rest_route=%2Fwp%2Fv2%2Fmedia&parent=9309"}],"wp:term":[{"taxonomy":"product_brand","embeddable":true,"href":"https:\/\/www.rgequip.com\/index.php?rest_route=%2Fwp%2Fv2%2Fproduct_brand&post=9309"},{"taxonomy":"product_cat","embeddable":true,"href":"https:\/\/www.rgequip.com\/index.php?rest_route=%2Fwp%2Fv2%2Fproduct_cat&post=9309"},{"taxonomy":"product_tag","embeddable":true,"href":"https:\/\/www.rgequip.com\/index.php?rest_route=%2Fwp%2Fv2%2Fproduct_tag&post=9309"}],"curies":[{"name":"wp","href":"https:\/\/api.w.org\/{rel}","templated":true}]}}