{"id":9307,"date":"2019-09-23T17:35:30","date_gmt":"2019-09-23T15:35:30","guid":{"rendered":"https:\/\/www.rgequip.com\/?post_type=product&#038;p=9307"},"modified":"2019-09-23T17:35:31","modified_gmt":"2019-09-23T15:35:31","slug":"chafing-dish-rectangulaire-180-rolltop","status":"publish","type":"product","link":"https:\/\/www.rgequip.com\/?product=chafing-dish-rectangulaire-180-rolltop","title":{"rendered":"Chafing Dish rectangulaire 180\u00b0 Rolltop"},"content":{"rendered":"<p>* Syst\u00e8me de recyclage de l&#8217;eau pour moins de remplissage<\/p>\n<p>* Waterpan adapt\u00e9 au chauffage \u00e9lectrique<\/p>\n","protected":false},"excerpt":{"rendered":"<p>* Syst\u00e8me de recyclage de l&#8217;eau pour moins de remplissage * Waterpan adapt\u00e9 au chauffage \u00e9lectrique<\/p>\n","protected":false},"featured_media":9310,"comment_status":"open","ping_status":"closed","template":"","meta":[],"product_brand":[],"product_cat":[313,298,307],"product_tag":[],"class_list":{"0":"post-9307","1":"product","2":"type-product","3":"status-publish","4":"has-post-thumbnail","6":"product_cat-maintien-chaud","7":"product_cat-chafin-dish","8":"product_cat-encastrer","10":"first","11":"instock","12":"shipping-taxable","13":"product-type-simple"},"_links":{"self":[{"href":"https:\/\/www.rgequip.com\/index.php?rest_route=\/wp\/v2\/product\/9307","targetHints":{"allow":["GET"]}}],"collection":[{"href":"https:\/\/www.rgequip.com\/index.php?rest_route=\/wp\/v2\/product"}],"about":[{"href":"https:\/\/www.rgequip.com\/index.php?rest_route=\/wp\/v2\/types\/product"}],"replies":[{"embeddable":true,"href":"https:\/\/www.rgequip.com\/index.php?rest_route=%2Fwp%2Fv2%2Fcomments&post=9307"}],"version-history":[{"count":0,"href":"https:\/\/www.rgequip.com\/index.php?rest_route=\/wp\/v2\/product\/9307\/revisions"}],"wp:featuredmedia":[{"embeddable":true,"href":"https:\/\/www.rgequip.com\/index.php?rest_route=\/wp\/v2\/media\/9310"}],"wp:attachment":[{"href":"https:\/\/www.rgequip.com\/index.php?rest_route=%2Fwp%2Fv2%2Fmedia&parent=9307"}],"wp:term":[{"taxonomy":"product_brand","embeddable":true,"href":"https:\/\/www.rgequip.com\/index.php?rest_route=%2Fwp%2Fv2%2Fproduct_brand&post=9307"},{"taxonomy":"product_cat","embeddable":true,"href":"https:\/\/www.rgequip.com\/index.php?rest_route=%2Fwp%2Fv2%2Fproduct_cat&post=9307"},{"taxonomy":"product_tag","embeddable":true,"href":"https:\/\/www.rgequip.com\/index.php?rest_route=%2Fwp%2Fv2%2Fproduct_tag&post=9307"}],"curies":[{"name":"wp","href":"https:\/\/api.w.org\/{rel}","templated":true}]}}