{"id":9302,"date":"2019-09-23T17:23:36","date_gmt":"2019-09-23T15:23:36","guid":{"rendered":"https:\/\/www.rgequip.com\/?post_type=product&#038;p=9302"},"modified":"2019-09-23T17:23:37","modified_gmt":"2019-09-23T15:23:37","slug":"combustible-pour-chafing-dish-4kg","status":"publish","type":"product","link":"https:\/\/www.rgequip.com\/?product=combustible-pour-chafing-dish-4kg","title":{"rendered":"Combustible pour chafing dish 4kg"},"content":{"rendered":"<ul class=\"remarklist\">\n<li class=\"red\">La p\u00e2te\u00a0<span class=\"highlightedSearchTerm\">combustible<\/span> est faite d&#8217;\u00e9thanol naturel (bio), m\u00e9lang\u00e9 avec de l&#8217;eau et une substance \u00e9paississante; afin de produire un gel solide.<br \/>\nToutes les p\u00e2tes\u00a0<span class=\"highlightedSearchTerm\">combustible<\/span>s de RGE ne peuvent pas \u00eatre aval\u00e9es car nous y rajoutons un peu de Bitrix (substance amer).<br \/>\nNous vous conseillons d&#8217;utiliser des bruleurs sp\u00e9cifiques pour p\u00e2te\u00a0<span class=\"highlightedSearchTerm\">combustible<\/span>\u00a0afin d&#8217;obtenir les meilleurs r\u00e9sultats.<\/p>\n<p>RGE propose de p\u00e2te <span class=\"highlightedSearchTerm\">combustible<\/span> dans les contenants les plus courants. Ils ont tous la m\u00eame capacit\u00e9 de combustion; Mais cela d\u00e9pends de l&#8217;ouverture de la bo\u00eete ou du couvercle du bruleur. Pour une dur\u00e9e de combustion courte mais intense (2 heures); nous vous conseillons Blaze. Pour une dur\u00e9e de combustion plus longue (au moins 3 heures) nous vous recommandons d&#8217;utiliser la p\u00e2te <span class=\"highlightedSearchTerm\">combustible<\/span> de RGE. Br\u00fble sans suie ou odeur.<\/p>\n<p>Il faut toujours utiliser les bruleurs sp\u00e9ciaux pour contenir les cartouches ou les bo\u00eetes. Ils peuvent rapidement surchauffer et cela pr\u00e9sente un danger d\u2019incendie si ils ne se placent dans un support !<br \/>\nLes supports pour cartouches ou bo\u00eetes (bruleurs) se livrent toujours avec les chafing dishes de RGE, mais aussi vendus seuls.<br \/>\nLisez attentivement les instructions du produit avant utilisation.<br \/>\nAssurez-vous qu&#8217;il n&#8217;y a pas de feu, des objets chauds ou brulants autour de vous quand vous travailler avec le gel\u00a0<span class=\"highlightedSearchTerm\">combustible<\/span>. Le gaz au-dessus du gel brule et peut facilement tomber \u00e0 c\u00f4t\u00e9 du r\u00e9cipient.<br \/>\nAssurez-vous que il n&#8217;y a pas de l&#8217;eau (de condensation) qui tombe dans la p\u00e2te\u00a0<span class=\"highlightedSearchTerm\">combustible<\/span>. Cela peut provoquer des \u00e9claboussures dangereuses.<br \/>\nAllumez les bo\u00eetes seulement apr\u00e8s les avoir plac\u00e9es dans les bruleurs et sur place.<br \/>\nAttention : la couleur de la flamme est bleu clair et donc pas tr\u00e8s visible pendant la journ\u00e9e.<br \/>\nComment recharger : Assurez-vous que la bo\u00eete et\/ou bruleur a compl\u00e8tement refroidi. Enlevez la bo\u00eete du support pour la remplir.<br \/>\nStockage : toujours conserver dans des r\u00e9cipients bien ferm\u00e9s, dans une pi\u00e8ce sombre et ventil\u00e9e, pas plus de 20\u00b0C. Merci de v\u00e9rifier la r\u00e9glementation locale, si vous souhaitez stocker des quantit\u00e9s importantes.<\/p>\n<p>Si vous suivez les consignes mentionn\u00e9s ci-dessus aucun incendie ne devrait se d\u00e9clencher.<\/p>\n<p>Que es-ce qu&#8217;il faut faire lorsque un petit incendie se d\u00e9clenche:<br \/>\nUtilisez une couverture ignifuge afin de couvrir le feu et d&#8217;emp\u00eacher le contact avec d&#8217;oxyg\u00e8ne et le feu s&#8217;\u00e9teindra.<br \/>\nQu&#8217;est-ce qu&#8217;il faut faire si des v\u00eatements ou corps prennent feu :<br \/>\nPrenez une couverture ignifuge ou une poudre ou un extincteur d&#8217;incendie CO2.<br \/>\nDe m\u00eame, N&#8217;essayez jamais d&#8217;\u00e9teindre le feu avec une serviette, cela ne fait que propager le feu !<br \/>\nEnfin, refroidir le corps imm\u00e9diatement pendant 15 minutes et sans enlever les v\u00eatements.<\/li>\n<li class=\"purple\">Seau 4 kilos<\/li>\n<\/ul>\n","protected":false},"excerpt":{"rendered":"<p>La p\u00e2te\u00a0combustible est faite d&#8217;\u00e9thanol naturel (bio), m\u00e9lang\u00e9 avec de l&#8217;eau et une substance \u00e9paississante; afin de produire un gel<\/p>\n","protected":false},"featured_media":9305,"comment_status":"open","ping_status":"closed","template":"","meta":[],"product_brand":[],"product_cat":[308,298,313],"product_tag":[],"class_list":{"0":"post-9302","1":"product","2":"type-product","3":"status-publish","4":"has-post-thumbnail","6":"product_cat-combustible-pour-chafin-dish","7":"product_cat-chafin-dish","8":"product_cat-maintien-chaud","10":"first","11":"instock","12":"shipping-taxable","13":"product-type-simple"},"_links":{"self":[{"href":"https:\/\/www.rgequip.com\/index.php?rest_route=\/wp\/v2\/product\/9302","targetHints":{"allow":["GET"]}}],"collection":[{"href":"https:\/\/www.rgequip.com\/index.php?rest_route=\/wp\/v2\/product"}],"about":[{"href":"https:\/\/www.rgequip.com\/index.php?rest_route=\/wp\/v2\/types\/product"}],"replies":[{"embeddable":true,"href":"https:\/\/www.rgequip.com\/index.php?rest_route=%2Fwp%2Fv2%2Fcomments&post=9302"}],"version-history":[{"count":0,"href":"https:\/\/www.rgequip.com\/index.php?rest_route=\/wp\/v2\/product\/9302\/revisions"}],"wp:featuredmedia":[{"embeddable":true,"href":"https:\/\/www.rgequip.com\/index.php?rest_route=\/wp\/v2\/media\/9305"}],"wp:attachment":[{"href":"https:\/\/www.rgequip.com\/index.php?rest_route=%2Fwp%2Fv2%2Fmedia&parent=9302"}],"wp:term":[{"taxonomy":"product_brand","embeddable":true,"href":"https:\/\/www.rgequip.com\/index.php?rest_route=%2Fwp%2Fv2%2Fproduct_brand&post=9302"},{"taxonomy":"product_cat","embeddable":true,"href":"https:\/\/www.rgequip.com\/index.php?rest_route=%2Fwp%2Fv2%2Fproduct_cat&post=9302"},{"taxonomy":"product_tag","embeddable":true,"href":"https:\/\/www.rgequip.com\/index.php?rest_route=%2Fwp%2Fv2%2Fproduct_tag&post=9302"}],"curies":[{"name":"wp","href":"https:\/\/api.w.org\/{rel}","templated":true}]}}