{"id":9299,"date":"2019-09-23T17:12:32","date_gmt":"2019-09-23T15:12:32","guid":{"rendered":"https:\/\/www.rgequip.com\/?post_type=product&#038;p=9299"},"modified":"2019-09-23T17:12:32","modified_gmt":"2019-09-23T15:12:32","slug":"plonge-02-bacs-egouttoir-1406095-cm","status":"publish","type":"product","link":"https:\/\/www.rgequip.com\/?product=plonge-02-bacs-egouttoir-1406095-cm","title":{"rendered":"Plonge 02 Bacs +\u00c9gouttoir 140*60*95 cm"},"content":{"rendered":"<h3>Informations :<\/h3>\n<ul>\n<li>Structure et pieds en inox AISI 304<\/li>\n<li>Plan de travail de 950 mm de hauteur<\/li>\n<li>Dosseret de 100 mm de hauteur<\/li>\n<li>Pieds carr\u00e9s de 40&#215;40 mm r\u00e9glables en hauteur<\/li>\n<li>\u00c9tag\u00e8re basse pleine et renforc\u00e9e<\/li>\n<li>Bac et \u00e9gouttoir nervur\u00e9 insonoris\u00e9<\/li>\n<li>Bords anti-ruissellement<\/li>\n<li>Retrait des pieds arri\u00e8res de 80 mm<\/li>\n<li>Livr\u00e9e d\u00e9mont\u00e9e<\/li>\n<li>Dotation : 1 trop plein et bonde de surverse<\/li>\n<\/ul>\n","protected":false},"excerpt":{"rendered":"<p>Informations : Structure et pieds en inox AISI 304 Plan de travail de 950 mm de hauteur Dosseret de 100<\/p>\n","protected":false},"featured_media":9303,"comment_status":"open","ping_status":"closed","template":"","meta":[],"product_brand":[],"product_cat":[392,400,394],"product_tag":[],"class_list":{"0":"post-9299","1":"product","2":"type-product","3":"status-publish","4":"has-post-thumbnail","6":"product_cat-laverie-hygiene","7":"product_cat-avec-egouttoir","8":"product_cat-plonge","10":"first","11":"instock","12":"shipping-taxable","13":"product-type-simple"},"_links":{"self":[{"href":"https:\/\/www.rgequip.com\/index.php?rest_route=\/wp\/v2\/product\/9299","targetHints":{"allow":["GET"]}}],"collection":[{"href":"https:\/\/www.rgequip.com\/index.php?rest_route=\/wp\/v2\/product"}],"about":[{"href":"https:\/\/www.rgequip.com\/index.php?rest_route=\/wp\/v2\/types\/product"}],"replies":[{"embeddable":true,"href":"https:\/\/www.rgequip.com\/index.php?rest_route=%2Fwp%2Fv2%2Fcomments&post=9299"}],"version-history":[{"count":0,"href":"https:\/\/www.rgequip.com\/index.php?rest_route=\/wp\/v2\/product\/9299\/revisions"}],"wp:featuredmedia":[{"embeddable":true,"href":"https:\/\/www.rgequip.com\/index.php?rest_route=\/wp\/v2\/media\/9303"}],"wp:attachment":[{"href":"https:\/\/www.rgequip.com\/index.php?rest_route=%2Fwp%2Fv2%2Fmedia&parent=9299"}],"wp:term":[{"taxonomy":"product_brand","embeddable":true,"href":"https:\/\/www.rgequip.com\/index.php?rest_route=%2Fwp%2Fv2%2Fproduct_brand&post=9299"},{"taxonomy":"product_cat","embeddable":true,"href":"https:\/\/www.rgequip.com\/index.php?rest_route=%2Fwp%2Fv2%2Fproduct_cat&post=9299"},{"taxonomy":"product_tag","embeddable":true,"href":"https:\/\/www.rgequip.com\/index.php?rest_route=%2Fwp%2Fv2%2Fproduct_tag&post=9299"}],"curies":[{"name":"wp","href":"https:\/\/api.w.org\/{rel}","templated":true}]}}