{"id":9139,"date":"2019-09-20T12:45:02","date_gmt":"2019-09-20T10:45:02","guid":{"rendered":"https:\/\/www.rgequip.com\/?post_type=product&#038;p=9139"},"modified":"2019-09-20T12:51:07","modified_gmt":"2019-09-20T10:51:07","slug":"sous-bassement-refrigeree-avec-2-portes-pleines","status":"publish","type":"product","link":"https:\/\/www.rgequip.com\/?product=sous-bassement-refrigeree-avec-2-portes-pleines","title":{"rendered":"Sous Bassement R\u00e9frig\u00e9r\u00e9e Avec 2 Portes Pleines"},"content":{"rendered":"<p>Il s&#8217;agit d&#8217;un r\u00e9frig\u00e9rateur\u00a0 \u00e0 porte double. Muni,d&#8217;un acier inoxydable de qualit\u00e9 sup\u00e9rieure,<br \/>\nil poss\u00e8de une \u00e9paisseur d&#8217;isolation de 50 mm. De m\u00eame, qu&#8217;un cuve d&#8217;\u00e9vaporation automatique de l&#8217;eau de d\u00e9givrage.<br \/>\nAussi, il est dot\u00e9 d&#8217;un thermostat de thermom\u00e8tre num\u00e9rique HACCP; et un syst\u00e8me de refroidissement statique.<br \/>\nEnfin, il comporte une r\u00e9sistance des portes et les ouvertures des tiroirs .<\/p>\n","protected":false},"excerpt":{"rendered":"<p>Il s&#8217;agit d&#8217;un r\u00e9frig\u00e9rateur\u00a0 \u00e0 porte double. Muni,d&#8217;un acier inoxydable de qualit\u00e9 sup\u00e9rieure, il poss\u00e8de une \u00e9paisseur d&#8217;isolation de 50<\/p>\n","protected":false},"featured_media":9141,"comment_status":"open","ping_status":"closed","template":"","meta":[],"product_brand":[],"product_cat":[268,1352,1351],"product_tag":[],"class_list":{"0":"post-9139","1":"product","2":"type-product","3":"status-publish","4":"has-post-thumbnail","6":"product_cat-froids","7":"product_cat-m-positifs","8":"product_cat-meubles","10":"first","11":"instock","12":"shipping-taxable","13":"product-type-simple"},"_links":{"self":[{"href":"https:\/\/www.rgequip.com\/index.php?rest_route=\/wp\/v2\/product\/9139","targetHints":{"allow":["GET"]}}],"collection":[{"href":"https:\/\/www.rgequip.com\/index.php?rest_route=\/wp\/v2\/product"}],"about":[{"href":"https:\/\/www.rgequip.com\/index.php?rest_route=\/wp\/v2\/types\/product"}],"replies":[{"embeddable":true,"href":"https:\/\/www.rgequip.com\/index.php?rest_route=%2Fwp%2Fv2%2Fcomments&post=9139"}],"version-history":[{"count":1,"href":"https:\/\/www.rgequip.com\/index.php?rest_route=\/wp\/v2\/product\/9139\/revisions"}],"predecessor-version":[{"id":9142,"href":"https:\/\/www.rgequip.com\/index.php?rest_route=\/wp\/v2\/product\/9139\/revisions\/9142"}],"wp:featuredmedia":[{"embeddable":true,"href":"https:\/\/www.rgequip.com\/index.php?rest_route=\/wp\/v2\/media\/9141"}],"wp:attachment":[{"href":"https:\/\/www.rgequip.com\/index.php?rest_route=%2Fwp%2Fv2%2Fmedia&parent=9139"}],"wp:term":[{"taxonomy":"product_brand","embeddable":true,"href":"https:\/\/www.rgequip.com\/index.php?rest_route=%2Fwp%2Fv2%2Fproduct_brand&post=9139"},{"taxonomy":"product_cat","embeddable":true,"href":"https:\/\/www.rgequip.com\/index.php?rest_route=%2Fwp%2Fv2%2Fproduct_cat&post=9139"},{"taxonomy":"product_tag","embeddable":true,"href":"https:\/\/www.rgequip.com\/index.php?rest_route=%2Fwp%2Fv2%2Fproduct_tag&post=9139"}],"curies":[{"name":"wp","href":"https:\/\/api.w.org\/{rel}","templated":true}]}}