{"id":9136,"date":"2019-09-20T12:27:10","date_gmt":"2019-09-20T10:27:10","guid":{"rendered":"https:\/\/www.rgequip.com\/?post_type=product&#038;p=9136"},"modified":"2019-09-20T12:27:10","modified_gmt":"2019-09-20T10:27:10","slug":"table-murale-inox-1800700850","status":"publish","type":"product","link":"https:\/\/www.rgequip.com\/?product=table-murale-inox-1800700850","title":{"rendered":"Table murale inox 1800*700*850"},"content":{"rendered":"<ul>\n<li>TABLE INOX<\/li>\n<li>1800 (L) x 700 (P) x 850 (H) MM<\/li>\n<li>Avec plateau\u00a0 de 40 mm, d&#8217; \u00e9paisseur<\/li>\n<li>Avec \u00e9tag\u00e8re inf\u00e9rieure<\/li>\n<li>ACIER INOXYDABLE &#8211; AISI 430<\/li>\n<\/ul>\n","protected":false},"excerpt":{"rendered":"<p>TABLE INOX 1800 (L) x 700 (P) x 850 (H) MM Avec plateau\u00a0 de 40 mm, d&#8217; \u00e9paisseur Avec \u00e9tag\u00e8re<\/p>\n","protected":false},"featured_media":9137,"comment_status":"open","ping_status":"closed","template":"","meta":[],"product_brand":[],"product_cat":[406,411],"product_tag":[],"class_list":{"0":"post-9136","1":"product","2":"type-product","3":"status-publish","4":"has-post-thumbnail","6":"product_cat-autres-inox","7":"product_cat-tables-inox","9":"first","10":"instock","11":"shipping-taxable","12":"product-type-simple"},"_links":{"self":[{"href":"https:\/\/www.rgequip.com\/index.php?rest_route=\/wp\/v2\/product\/9136","targetHints":{"allow":["GET"]}}],"collection":[{"href":"https:\/\/www.rgequip.com\/index.php?rest_route=\/wp\/v2\/product"}],"about":[{"href":"https:\/\/www.rgequip.com\/index.php?rest_route=\/wp\/v2\/types\/product"}],"replies":[{"embeddable":true,"href":"https:\/\/www.rgequip.com\/index.php?rest_route=%2Fwp%2Fv2%2Fcomments&post=9136"}],"version-history":[{"count":0,"href":"https:\/\/www.rgequip.com\/index.php?rest_route=\/wp\/v2\/product\/9136\/revisions"}],"wp:featuredmedia":[{"embeddable":true,"href":"https:\/\/www.rgequip.com\/index.php?rest_route=\/wp\/v2\/media\/9137"}],"wp:attachment":[{"href":"https:\/\/www.rgequip.com\/index.php?rest_route=%2Fwp%2Fv2%2Fmedia&parent=9136"}],"wp:term":[{"taxonomy":"product_brand","embeddable":true,"href":"https:\/\/www.rgequip.com\/index.php?rest_route=%2Fwp%2Fv2%2Fproduct_brand&post=9136"},{"taxonomy":"product_cat","embeddable":true,"href":"https:\/\/www.rgequip.com\/index.php?rest_route=%2Fwp%2Fv2%2Fproduct_cat&post=9136"},{"taxonomy":"product_tag","embeddable":true,"href":"https:\/\/www.rgequip.com\/index.php?rest_route=%2Fwp%2Fv2%2Fproduct_tag&post=9136"}],"curies":[{"name":"wp","href":"https:\/\/api.w.org\/{rel}","templated":true}]}}