{"id":9132,"date":"2019-09-20T12:17:41","date_gmt":"2019-09-20T10:17:41","guid":{"rendered":"https:\/\/www.rgequip.com\/?post_type=product&#038;p=9132"},"modified":"2019-09-20T12:17:41","modified_gmt":"2019-09-20T10:17:41","slug":"table-centrale-2000700850","status":"publish","type":"product","link":"https:\/\/www.rgequip.com\/?product=table-centrale-2000700850","title":{"rendered":"Table Centrale 2000*700*850"},"content":{"rendered":"<ul>\n<li>TABLE INOX<\/li>\n<li>2000 (P) x 700 (l) x 850 (H) MM<\/li>\n<\/ul>\n<ul>\n<li>Avec un plateau de 1.6 mm d&#8217;\u00e9paisseur<\/li>\n<\/ul>\n<ul>\n<li>Table en inox avec une \u00e9tag\u00e8re inf\u00e9rieure<\/li>\n<\/ul>\n<ul>\n<li>Capacit\u00e9 250 kg maximum<\/li>\n<li>En acier inoxydable- AISI 304<\/li>\n<\/ul>\n","protected":false},"excerpt":{"rendered":"<p>TABLE INOX 2000 (P) x 700 (l) x 850 (H) MM Avec un plateau de 1.6 mm d&#8217;\u00e9paisseur Table en<\/p>\n","protected":false},"featured_media":9135,"comment_status":"open","ping_status":"closed","template":"","meta":[],"product_brand":[],"product_cat":[406,411],"product_tag":[],"class_list":{"0":"post-9132","1":"product","2":"type-product","3":"status-publish","4":"has-post-thumbnail","6":"product_cat-autres-inox","7":"product_cat-tables-inox","9":"first","10":"instock","11":"shipping-taxable","12":"product-type-simple"},"_links":{"self":[{"href":"https:\/\/www.rgequip.com\/index.php?rest_route=\/wp\/v2\/product\/9132","targetHints":{"allow":["GET"]}}],"collection":[{"href":"https:\/\/www.rgequip.com\/index.php?rest_route=\/wp\/v2\/product"}],"about":[{"href":"https:\/\/www.rgequip.com\/index.php?rest_route=\/wp\/v2\/types\/product"}],"replies":[{"embeddable":true,"href":"https:\/\/www.rgequip.com\/index.php?rest_route=%2Fwp%2Fv2%2Fcomments&post=9132"}],"version-history":[{"count":0,"href":"https:\/\/www.rgequip.com\/index.php?rest_route=\/wp\/v2\/product\/9132\/revisions"}],"wp:featuredmedia":[{"embeddable":true,"href":"https:\/\/www.rgequip.com\/index.php?rest_route=\/wp\/v2\/media\/9135"}],"wp:attachment":[{"href":"https:\/\/www.rgequip.com\/index.php?rest_route=%2Fwp%2Fv2%2Fmedia&parent=9132"}],"wp:term":[{"taxonomy":"product_brand","embeddable":true,"href":"https:\/\/www.rgequip.com\/index.php?rest_route=%2Fwp%2Fv2%2Fproduct_brand&post=9132"},{"taxonomy":"product_cat","embeddable":true,"href":"https:\/\/www.rgequip.com\/index.php?rest_route=%2Fwp%2Fv2%2Fproduct_cat&post=9132"},{"taxonomy":"product_tag","embeddable":true,"href":"https:\/\/www.rgequip.com\/index.php?rest_route=%2Fwp%2Fv2%2Fproduct_tag&post=9132"}],"curies":[{"name":"wp","href":"https:\/\/api.w.org\/{rel}","templated":true}]}}