{"id":8982,"date":"2019-09-17T15:13:52","date_gmt":"2019-09-17T13:13:52","guid":{"rendered":"https:\/\/www.rgequip.com\/?post_type=product&#038;p=8982"},"modified":"2021-03-02T18:00:53","modified_gmt":"2021-03-02T17:00:53","slug":"ventilateur-centrifuge-en-boite-de-transmission-ect-18-18-c1","status":"publish","type":"product","link":"https:\/\/www.rgequip.com\/?product=ventilateur-centrifuge-en-boite-de-transmission-ect-18-18-c1","title":{"rendered":"Caisson De Ventilation  ECT 18\/18 C1"},"content":{"rendered":"<p>Ventilateur centrifuge \u00e0 double corps d&#8217;aspiration avec moteur directement coupl\u00e9 \u00e0 la roue (aubes avant), au moyen de poulies et de courroies.\u00a0Cadre en profil\u00e9 d&#8217;aluminium, double panneau en t\u00f4le galvanis\u00e9e.\u00a0Double panneau.<\/p>\n<p>Moteur triphas\u00e9 IP54, 4 p\u00f4les, tension 230 \/ 400V, fr\u00e9quence 50 Hz;\u00a0 temp\u00e9ratures de fonctionnement minimale et maximale: -20 \u00b0 C. ++ 60 \u00b0 C.<br \/>\nTrois positions d&#8217;orientation.<\/p>\n","protected":false},"excerpt":{"rendered":"<p>Ventilateur centrifuge \u00e0 double corps d&#8217;aspiration avec moteur directement coupl\u00e9 \u00e0 la roue (aubes avant), au moyen de poulies et<\/p>\n","protected":false},"featured_media":8988,"comment_status":"open","ping_status":"closed","template":"","meta":[],"product_brand":[],"product_cat":[406,410],"product_tag":[],"class_list":{"0":"post-8982","1":"product","2":"type-product","3":"status-publish","4":"has-post-thumbnail","6":"product_cat-autres-inox","7":"product_cat-hotte-aspirante","9":"first","10":"instock","11":"shipping-taxable","12":"product-type-simple"},"_links":{"self":[{"href":"https:\/\/www.rgequip.com\/index.php?rest_route=\/wp\/v2\/product\/8982","targetHints":{"allow":["GET"]}}],"collection":[{"href":"https:\/\/www.rgequip.com\/index.php?rest_route=\/wp\/v2\/product"}],"about":[{"href":"https:\/\/www.rgequip.com\/index.php?rest_route=\/wp\/v2\/types\/product"}],"replies":[{"embeddable":true,"href":"https:\/\/www.rgequip.com\/index.php?rest_route=%2Fwp%2Fv2%2Fcomments&post=8982"}],"version-history":[{"count":0,"href":"https:\/\/www.rgequip.com\/index.php?rest_route=\/wp\/v2\/product\/8982\/revisions"}],"wp:featuredmedia":[{"embeddable":true,"href":"https:\/\/www.rgequip.com\/index.php?rest_route=\/wp\/v2\/media\/8988"}],"wp:attachment":[{"href":"https:\/\/www.rgequip.com\/index.php?rest_route=%2Fwp%2Fv2%2Fmedia&parent=8982"}],"wp:term":[{"taxonomy":"product_brand","embeddable":true,"href":"https:\/\/www.rgequip.com\/index.php?rest_route=%2Fwp%2Fv2%2Fproduct_brand&post=8982"},{"taxonomy":"product_cat","embeddable":true,"href":"https:\/\/www.rgequip.com\/index.php?rest_route=%2Fwp%2Fv2%2Fproduct_cat&post=8982"},{"taxonomy":"product_tag","embeddable":true,"href":"https:\/\/www.rgequip.com\/index.php?rest_route=%2Fwp%2Fv2%2Fproduct_tag&post=8982"}],"curies":[{"name":"wp","href":"https:\/\/api.w.org\/{rel}","templated":true}]}}