{"id":8981,"date":"2019-09-17T15:17:06","date_gmt":"2019-09-17T13:17:06","guid":{"rendered":"https:\/\/www.rgequip.com\/?post_type=product&#038;p=8981"},"modified":"2019-10-17T17:59:09","modified_gmt":"2019-10-17T15:59:09","slug":"ventilateurs-centrifuges-en-boite-transmission-ectd-a-2-vitesses-12-12-c1","status":"publish","type":"product","link":"https:\/\/www.rgequip.com\/?product=ventilateurs-centrifuges-en-boite-transmission-ectd-a-2-vitesses-12-12-c1","title":{"rendered":"Ventilateurs centrifuges en bo\u00eete, transmission ECTD \u00e0 2 vitesses 12\/12 C1"},"content":{"rendered":"<p>Ventilateur centrifuge \u00e0 double corps d&#8217;aspiration avec moteur<br \/>\nDirectement coupl\u00e9 \u00e0 la roue (aubes avant), au moyen de poulies et de courroies.<br \/>\nCadre en profil\u00e9 d&#8217;aluminium, double panneau en t\u00f4le galvanis\u00e9e.<br \/>\nDouble panneau.<br \/>\nMoteur triphas\u00e9 IP54, 4 p\u00f4les, tension 230 \/ 400V, fr\u00e9quence 50 Hz, temp\u00e9ratures de fonctionnement minimale et maximale: -20 \u00b0 C. ++ 60 \u00b0 C.<br \/>\nTrois positions d&#8217;orientation.<\/p>\n","protected":false},"excerpt":{"rendered":"<p>Ventilateur centrifuge \u00e0 double corps d&#8217;aspiration avec moteur Directement coupl\u00e9 \u00e0 la roue (aubes avant), au moyen de poulies et<\/p>\n","protected":false},"featured_media":8985,"comment_status":"open","ping_status":"closed","template":"","meta":[],"product_brand":[],"product_cat":[406,410],"product_tag":[],"class_list":{"0":"post-8981","1":"product","2":"type-product","3":"status-publish","4":"has-post-thumbnail","6":"product_cat-autres-inox","7":"product_cat-hotte-aspirante","9":"first","10":"instock","11":"shipping-taxable","12":"product-type-simple"},"_links":{"self":[{"href":"https:\/\/www.rgequip.com\/index.php?rest_route=\/wp\/v2\/product\/8981","targetHints":{"allow":["GET"]}}],"collection":[{"href":"https:\/\/www.rgequip.com\/index.php?rest_route=\/wp\/v2\/product"}],"about":[{"href":"https:\/\/www.rgequip.com\/index.php?rest_route=\/wp\/v2\/types\/product"}],"replies":[{"embeddable":true,"href":"https:\/\/www.rgequip.com\/index.php?rest_route=%2Fwp%2Fv2%2Fcomments&post=8981"}],"version-history":[{"count":0,"href":"https:\/\/www.rgequip.com\/index.php?rest_route=\/wp\/v2\/product\/8981\/revisions"}],"wp:featuredmedia":[{"embeddable":true,"href":"https:\/\/www.rgequip.com\/index.php?rest_route=\/wp\/v2\/media\/8985"}],"wp:attachment":[{"href":"https:\/\/www.rgequip.com\/index.php?rest_route=%2Fwp%2Fv2%2Fmedia&parent=8981"}],"wp:term":[{"taxonomy":"product_brand","embeddable":true,"href":"https:\/\/www.rgequip.com\/index.php?rest_route=%2Fwp%2Fv2%2Fproduct_brand&post=8981"},{"taxonomy":"product_cat","embeddable":true,"href":"https:\/\/www.rgequip.com\/index.php?rest_route=%2Fwp%2Fv2%2Fproduct_cat&post=8981"},{"taxonomy":"product_tag","embeddable":true,"href":"https:\/\/www.rgequip.com\/index.php?rest_route=%2Fwp%2Fv2%2Fproduct_tag&post=8981"}],"curies":[{"name":"wp","href":"https:\/\/api.w.org\/{rel}","templated":true}]}}