{"id":8979,"date":"2019-09-17T15:00:10","date_gmt":"2019-09-17T13:00:10","guid":{"rendered":"https:\/\/www.rgequip.com\/?post_type=product&#038;p=8979"},"modified":"2021-03-02T17:58:11","modified_gmt":"2021-03-02T16:58:11","slug":"caisson-ventilateur-centrifuge-9-9-6","status":"publish","type":"product","link":"https:\/\/www.rgequip.com\/?product=caisson-ventilateur-centrifuge-9-9-6","title":{"rendered":"Caisson ventilateur centrifuge 9\/9-6"},"content":{"rendered":"<h3>ASPIRATEUR \u00c0 DISTANCE CASSONE<\/h3>\n<p>Les aspirateurs \u00e0 distance sont des ventilateurs centrifuges pli\u00e9s ferm\u00e9s avec une bo\u00eete, suspendue au mur, plac\u00e9e \u00e0 l&#8217;ext\u00e9rieur du syst\u00e8me d&#8217;aspiration devant la cuisini\u00e8re (la\u00a0<a href=\"http:\/\/www.ondainox.it\/cappe_inox\" target=\"_blank\">hotte aspirante<\/a> ), capable de g\u00e9n\u00e9rer des pressions plus intenses et de transporter de plus grandes quantit\u00e9s d&#8217;air le long de trajectoires plus longues et plus sinueuses. Aussi, par rapport aux moteurs des simples hottes \u00e0 auto-aspiration.<br \/>\nDe m\u00eame, le choix de l&#8217;aspirateur \u00e0 distance, s&#8217;effectue en fonction du flux d&#8217;air \u00e0 acheminer; de la section du canal le long de laquelle l&#8217;air s&#8217;achemine et en fonction de la longueur du trajet d&#8217;expulsion.<\/p>\n<h3>CARACT\u00c9RISTIQUES DE CONSTRUCTION:<\/h3>\n<p>Ventilateur centrifuge \u00e0 double corps d&#8217;aspiration, avec moteur directement coupl\u00e9 \u00e0 la roue (aubes avant).<br \/>\nEnfin, un panneau en t\u00f4le galvanis\u00e9e avec doublure int\u00e9rieure insonorisante et insonorisante.<\/p>\n","protected":false},"excerpt":{"rendered":"<p>ASPIRATEUR \u00c0 DISTANCE CASSONE Les aspirateurs \u00e0 distance sont des ventilateurs centrifuges pli\u00e9s ferm\u00e9s avec une bo\u00eete, suspendue au mur,<\/p>\n","protected":false},"featured_media":8977,"comment_status":"open","ping_status":"closed","template":"","meta":[],"product_brand":[],"product_cat":[406,410],"product_tag":[],"class_list":{"0":"post-8979","1":"product","2":"type-product","3":"status-publish","4":"has-post-thumbnail","6":"product_cat-autres-inox","7":"product_cat-hotte-aspirante","9":"first","10":"instock","11":"shipping-taxable","12":"product-type-simple"},"_links":{"self":[{"href":"https:\/\/www.rgequip.com\/index.php?rest_route=\/wp\/v2\/product\/8979","targetHints":{"allow":["GET"]}}],"collection":[{"href":"https:\/\/www.rgequip.com\/index.php?rest_route=\/wp\/v2\/product"}],"about":[{"href":"https:\/\/www.rgequip.com\/index.php?rest_route=\/wp\/v2\/types\/product"}],"replies":[{"embeddable":true,"href":"https:\/\/www.rgequip.com\/index.php?rest_route=%2Fwp%2Fv2%2Fcomments&post=8979"}],"version-history":[{"count":0,"href":"https:\/\/www.rgequip.com\/index.php?rest_route=\/wp\/v2\/product\/8979\/revisions"}],"wp:featuredmedia":[{"embeddable":true,"href":"https:\/\/www.rgequip.com\/index.php?rest_route=\/wp\/v2\/media\/8977"}],"wp:attachment":[{"href":"https:\/\/www.rgequip.com\/index.php?rest_route=%2Fwp%2Fv2%2Fmedia&parent=8979"}],"wp:term":[{"taxonomy":"product_brand","embeddable":true,"href":"https:\/\/www.rgequip.com\/index.php?rest_route=%2Fwp%2Fv2%2Fproduct_brand&post=8979"},{"taxonomy":"product_cat","embeddable":true,"href":"https:\/\/www.rgequip.com\/index.php?rest_route=%2Fwp%2Fv2%2Fproduct_cat&post=8979"},{"taxonomy":"product_tag","embeddable":true,"href":"https:\/\/www.rgequip.com\/index.php?rest_route=%2Fwp%2Fv2%2Fproduct_tag&post=8979"}],"curies":[{"name":"wp","href":"https:\/\/api.w.org\/{rel}","templated":true}]}}