{"id":8913,"date":"2019-09-16T19:42:26","date_gmt":"2019-09-16T17:42:26","guid":{"rendered":"https:\/\/www.rgequip.com\/?post_type=product&#038;p=8913"},"modified":"2019-09-19T13:41:35","modified_gmt":"2019-09-19T11:41:35","slug":"machine-a-saucisse-5-l","status":"publish","type":"product","link":"https:\/\/www.rgequip.com\/?product=machine-a-saucisse-5-l","title":{"rendered":"Machine A Saucisse 5 L"},"content":{"rendered":"<p>B\u00e2ti, cylindre et piston fait en inox<br \/>\n\u00c9quip\u00e9 d&#8217;un syst\u00e8me de remplissage \u00e0 deux vitesse qui facile \u00e0 utiliser<br \/>\nLe piston S&#8217;enl\u00e8ve facilement pour le remplissage et le nettoyage<br \/>\n\u00c9quip\u00e9 d&#8217;un roulement et d&#8217;une roue dent\u00e9e en acier tremp\u00e9, r\u00e9sistant au pression<br \/>\nAvec un set de quatre entonnoirs en inox, diam\u00e8tres: 16\/22\/32\/38 mm<\/p>\n","protected":false},"excerpt":{"rendered":"<p>B\u00e2ti, cylindre et piston fait en inox \u00c9quip\u00e9 d&#8217;un syst\u00e8me de remplissage \u00e0 deux vitesse qui facile \u00e0 utiliser Le<\/p>\n","protected":false},"featured_media":9078,"comment_status":"open","ping_status":"closed","template":"","meta":[],"product_brand":[],"product_cat":[337,359,342],"product_tag":[],"class_list":{"0":"post-8913","1":"product","2":"type-product","3":"status-publish","4":"has-post-thumbnail","6":"product_cat-preparation","7":"product_cat-hachoir-a-viande","8":"product_cat-travail-de-la-viande","10":"first","11":"instock","12":"shipping-taxable","13":"product-type-simple"},"_links":{"self":[{"href":"https:\/\/www.rgequip.com\/index.php?rest_route=\/wp\/v2\/product\/8913","targetHints":{"allow":["GET"]}}],"collection":[{"href":"https:\/\/www.rgequip.com\/index.php?rest_route=\/wp\/v2\/product"}],"about":[{"href":"https:\/\/www.rgequip.com\/index.php?rest_route=\/wp\/v2\/types\/product"}],"replies":[{"embeddable":true,"href":"https:\/\/www.rgequip.com\/index.php?rest_route=%2Fwp%2Fv2%2Fcomments&post=8913"}],"version-history":[{"count":0,"href":"https:\/\/www.rgequip.com\/index.php?rest_route=\/wp\/v2\/product\/8913\/revisions"}],"wp:featuredmedia":[{"embeddable":true,"href":"https:\/\/www.rgequip.com\/index.php?rest_route=\/wp\/v2\/media\/9078"}],"wp:attachment":[{"href":"https:\/\/www.rgequip.com\/index.php?rest_route=%2Fwp%2Fv2%2Fmedia&parent=8913"}],"wp:term":[{"taxonomy":"product_brand","embeddable":true,"href":"https:\/\/www.rgequip.com\/index.php?rest_route=%2Fwp%2Fv2%2Fproduct_brand&post=8913"},{"taxonomy":"product_cat","embeddable":true,"href":"https:\/\/www.rgequip.com\/index.php?rest_route=%2Fwp%2Fv2%2Fproduct_cat&post=8913"},{"taxonomy":"product_tag","embeddable":true,"href":"https:\/\/www.rgequip.com\/index.php?rest_route=%2Fwp%2Fv2%2Fproduct_tag&post=8913"}],"curies":[{"name":"wp","href":"https:\/\/api.w.org\/{rel}","templated":true}]}}