{"id":8910,"date":"2019-09-16T19:36:38","date_gmt":"2019-09-16T17:36:38","guid":{"rendered":"https:\/\/www.rgequip.com\/?post_type=product&#038;p=8910"},"modified":"2019-09-17T10:59:09","modified_gmt":"2019-09-17T08:59:09","slug":"machine-a-saucisse-10-l","status":"publish","type":"product","link":"https:\/\/www.rgequip.com\/?product=machine-a-saucisse-10-l","title":{"rendered":"Machine A Saucisse 10 L"},"content":{"rendered":"<p>B\u00e2ti, cylindre et piston fait en inox<br \/>\nEquip\u00e9 d&#8217;un syst\u00e8me de remplissage \u00e0 deux vitesse qui est facile \u00e0 utiliser<br \/>\nLe piston s&#8217;enl\u00e8ve facilement pour le remplissage et le nettoyage<br \/>\nEquip\u00e9 d&#8217;un roulement et d&#8217;une roue dent\u00e9e en acier tremp\u00e9, r\u00e9sistant au pression<br \/>\nAvec un set de quatre entonnoirs en inox, diam\u00e8tres: 16\/22\/32\/38 mm<\/p>\n","protected":false},"excerpt":{"rendered":"<p>B\u00e2ti, cylindre et piston fait en inox Equip\u00e9 d&#8217;un syst\u00e8me de remplissage \u00e0 deux vitesse qui est facile \u00e0 utiliser<\/p>\n","protected":false},"featured_media":8945,"comment_status":"open","ping_status":"closed","template":"","meta":[],"product_brand":[],"product_cat":[337,359,342],"product_tag":[],"class_list":{"0":"post-8910","1":"product","2":"type-product","3":"status-publish","4":"has-post-thumbnail","6":"product_cat-preparation","7":"product_cat-hachoir-a-viande","8":"product_cat-travail-de-la-viande","10":"first","11":"instock","12":"shipping-taxable","13":"product-type-simple"},"_links":{"self":[{"href":"https:\/\/www.rgequip.com\/index.php?rest_route=\/wp\/v2\/product\/8910","targetHints":{"allow":["GET"]}}],"collection":[{"href":"https:\/\/www.rgequip.com\/index.php?rest_route=\/wp\/v2\/product"}],"about":[{"href":"https:\/\/www.rgequip.com\/index.php?rest_route=\/wp\/v2\/types\/product"}],"replies":[{"embeddable":true,"href":"https:\/\/www.rgequip.com\/index.php?rest_route=%2Fwp%2Fv2%2Fcomments&post=8910"}],"version-history":[{"count":0,"href":"https:\/\/www.rgequip.com\/index.php?rest_route=\/wp\/v2\/product\/8910\/revisions"}],"wp:featuredmedia":[{"embeddable":true,"href":"https:\/\/www.rgequip.com\/index.php?rest_route=\/wp\/v2\/media\/8945"}],"wp:attachment":[{"href":"https:\/\/www.rgequip.com\/index.php?rest_route=%2Fwp%2Fv2%2Fmedia&parent=8910"}],"wp:term":[{"taxonomy":"product_brand","embeddable":true,"href":"https:\/\/www.rgequip.com\/index.php?rest_route=%2Fwp%2Fv2%2Fproduct_brand&post=8910"},{"taxonomy":"product_cat","embeddable":true,"href":"https:\/\/www.rgequip.com\/index.php?rest_route=%2Fwp%2Fv2%2Fproduct_cat&post=8910"},{"taxonomy":"product_tag","embeddable":true,"href":"https:\/\/www.rgequip.com\/index.php?rest_route=%2Fwp%2Fv2%2Fproduct_tag&post=8910"}],"curies":[{"name":"wp","href":"https:\/\/api.w.org\/{rel}","templated":true}]}}