{"id":8902,"date":"2019-09-16T19:26:15","date_gmt":"2019-09-16T17:26:15","guid":{"rendered":"https:\/\/www.rgequip.com\/?post_type=product&#038;p=8902"},"modified":"2019-09-16T19:26:16","modified_gmt":"2019-09-16T17:26:16","slug":"hache-viande-200-kg","status":"publish","type":"product","link":"https:\/\/www.rgequip.com\/?product=hache-viande-200-kg","title":{"rendered":"HACHE-VIANDE 200 KG"},"content":{"rendered":"<p>Vis sans fin fait d&#8217;un alliage d&#8217;aluminium anodis\u00e9.<br \/>\nLe b\u00e2ti, l&#8217;axe de propulsion et les cuvettes\u00a0 fabriqu\u00e9s en inox.<br \/>\nPoussoir en poly\u00e9thyl\u00e8ne.<br \/>\nTransmission silencieuse, remplie avec de l&#8217;huile.<br \/>\nPlaque perfor\u00e9e \u00d8 70mm avec trous de \u00d8 6 mm.<br \/>\nPoids 19 kg.<br \/>\nPAS utilis\u00e9 pour un fonctionnement en continu.<\/p>\n","protected":false},"excerpt":{"rendered":"<p>Vis sans fin fait d&#8217;un alliage d&#8217;aluminium anodis\u00e9. Le b\u00e2ti, l&#8217;axe de propulsion et les cuvettes\u00a0 fabriqu\u00e9s en inox. Poussoir<\/p>\n","protected":false},"featured_media":8903,"comment_status":"open","ping_status":"closed","template":"","meta":[],"product_brand":[],"product_cat":[337,359,342],"product_tag":[],"class_list":{"0":"post-8902","1":"product","2":"type-product","3":"status-publish","4":"has-post-thumbnail","6":"product_cat-preparation","7":"product_cat-hachoir-a-viande","8":"product_cat-travail-de-la-viande","10":"first","11":"instock","12":"shipping-taxable","13":"product-type-simple"},"_links":{"self":[{"href":"https:\/\/www.rgequip.com\/index.php?rest_route=\/wp\/v2\/product\/8902","targetHints":{"allow":["GET"]}}],"collection":[{"href":"https:\/\/www.rgequip.com\/index.php?rest_route=\/wp\/v2\/product"}],"about":[{"href":"https:\/\/www.rgequip.com\/index.php?rest_route=\/wp\/v2\/types\/product"}],"replies":[{"embeddable":true,"href":"https:\/\/www.rgequip.com\/index.php?rest_route=%2Fwp%2Fv2%2Fcomments&post=8902"}],"version-history":[{"count":0,"href":"https:\/\/www.rgequip.com\/index.php?rest_route=\/wp\/v2\/product\/8902\/revisions"}],"wp:featuredmedia":[{"embeddable":true,"href":"https:\/\/www.rgequip.com\/index.php?rest_route=\/wp\/v2\/media\/8903"}],"wp:attachment":[{"href":"https:\/\/www.rgequip.com\/index.php?rest_route=%2Fwp%2Fv2%2Fmedia&parent=8902"}],"wp:term":[{"taxonomy":"product_brand","embeddable":true,"href":"https:\/\/www.rgequip.com\/index.php?rest_route=%2Fwp%2Fv2%2Fproduct_brand&post=8902"},{"taxonomy":"product_cat","embeddable":true,"href":"https:\/\/www.rgequip.com\/index.php?rest_route=%2Fwp%2Fv2%2Fproduct_cat&post=8902"},{"taxonomy":"product_tag","embeddable":true,"href":"https:\/\/www.rgequip.com\/index.php?rest_route=%2Fwp%2Fv2%2Fproduct_tag&post=8902"}],"curies":[{"name":"wp","href":"https:\/\/api.w.org\/{rel}","templated":true}]}}