{"id":8900,"date":"2019-09-16T19:22:08","date_gmt":"2019-09-16T17:22:08","guid":{"rendered":"https:\/\/www.rgequip.com\/?post_type=product&#038;p=8900"},"modified":"2020-07-08T14:18:16","modified_gmt":"2020-07-08T12:18:16","slug":"hache-viande-220-kg","status":"publish","type":"product","link":"https:\/\/www.rgequip.com\/?product=hache-viande-220-kg","title":{"rendered":"Hachoir \u00e0 viande  220 KG"},"content":{"rendered":"<p>Le plateau d&#8217;alimentation fait en inox et la tr\u00e9mie d&#8217;un alliage d&#8217;aluminium sp\u00e9cial<br \/>\nLe couteau et la vis sans fin fait en inox et l&#8217;entonnoir en fonte<br \/>\nLivr\u00e9 avec poussoir et 2 plaques perfor\u00e9es de \u00d8 82mm avec trous de \u00d8 6 et 8 mm<br \/>\nFacile \u00e0 d\u00e9monter pour un nettoyage parfait<br \/>\nMoteur avec protection surchauffe<br \/>\nPieds antid\u00e9rapants<br \/>\nRendement 200-220 kg\/h<br \/>\nNe convient pas \u00e0 l&#8217;utilisation en continu<\/p>\n","protected":false},"excerpt":{"rendered":"<p>Le plateau d&#8217;alimentation fait en inox et la tr\u00e9mie d&#8217;un alliage d&#8217;aluminium sp\u00e9cial Le couteau et la vis sans fin<\/p>\n","protected":false},"featured_media":8901,"comment_status":"open","ping_status":"closed","template":"","meta":[],"product_brand":[],"product_cat":[337,359,342],"product_tag":[],"class_list":{"0":"post-8900","1":"product","2":"type-product","3":"status-publish","4":"has-post-thumbnail","6":"product_cat-preparation","7":"product_cat-hachoir-a-viande","8":"product_cat-travail-de-la-viande","10":"first","11":"instock","12":"shipping-taxable","13":"product-type-simple"},"_links":{"self":[{"href":"https:\/\/www.rgequip.com\/index.php?rest_route=\/wp\/v2\/product\/8900","targetHints":{"allow":["GET"]}}],"collection":[{"href":"https:\/\/www.rgequip.com\/index.php?rest_route=\/wp\/v2\/product"}],"about":[{"href":"https:\/\/www.rgequip.com\/index.php?rest_route=\/wp\/v2\/types\/product"}],"replies":[{"embeddable":true,"href":"https:\/\/www.rgequip.com\/index.php?rest_route=%2Fwp%2Fv2%2Fcomments&post=8900"}],"version-history":[{"count":1,"href":"https:\/\/www.rgequip.com\/index.php?rest_route=\/wp\/v2\/product\/8900\/revisions"}],"predecessor-version":[{"id":18141,"href":"https:\/\/www.rgequip.com\/index.php?rest_route=\/wp\/v2\/product\/8900\/revisions\/18141"}],"wp:featuredmedia":[{"embeddable":true,"href":"https:\/\/www.rgequip.com\/index.php?rest_route=\/wp\/v2\/media\/8901"}],"wp:attachment":[{"href":"https:\/\/www.rgequip.com\/index.php?rest_route=%2Fwp%2Fv2%2Fmedia&parent=8900"}],"wp:term":[{"taxonomy":"product_brand","embeddable":true,"href":"https:\/\/www.rgequip.com\/index.php?rest_route=%2Fwp%2Fv2%2Fproduct_brand&post=8900"},{"taxonomy":"product_cat","embeddable":true,"href":"https:\/\/www.rgequip.com\/index.php?rest_route=%2Fwp%2Fv2%2Fproduct_cat&post=8900"},{"taxonomy":"product_tag","embeddable":true,"href":"https:\/\/www.rgequip.com\/index.php?rest_route=%2Fwp%2Fv2%2Fproduct_tag&post=8900"}],"curies":[{"name":"wp","href":"https:\/\/api.w.org\/{rel}","templated":true}]}}