{"id":8898,"date":"2019-09-16T19:17:48","date_gmt":"2019-09-16T17:17:48","guid":{"rendered":"https:\/\/www.rgequip.com\/?post_type=product&#038;p=8898"},"modified":"2019-09-16T19:17:48","modified_gmt":"2019-09-16T17:17:48","slug":"trancheuse-a-jambon-2","status":"publish","type":"product","link":"https:\/\/www.rgequip.com\/?product=trancheuse-a-jambon-2","title":{"rendered":"Trancheuse A  Jambon"},"content":{"rendered":"<p>Construction en aluminium anodis\u00e9 et \u00e9quip\u00e9 de pieds antid\u00e9rapants.<br \/>\nLame inclin\u00e9e en acier tremp\u00e9 inoxydable.<br \/>\nLe moteur prot\u00e9g\u00e9 contre une surchauffe et refroidi \u00e0 l&#8217;air, \u00e0 haute puissance pour trancher de la viande dure.<br \/>\nLe chariot \u00e9quip\u00e9 d\u2019un capot de s\u00e9curit\u00e9, d\u2019un maintien produit et d\u2019un blocage vertical.<br \/>\nFacilement d\u00e9montable pour le nettoyage.<br \/>\nLa machine conforme aux r\u00e9glementations de s\u00e9curit\u00e9 pour l&#8217;utilisation commerciale, comme:<br \/>\n&#8211; La mise en position d\u2019\u00e9paisseur \u00e0 \u201e0\u201d garde la lame derri\u00e8re le protecteur.<br \/>\nEnfin elle Ne convient pas pour trancher du fromage.<\/p>\n","protected":false},"excerpt":{"rendered":"<p>Construction en aluminium anodis\u00e9 et \u00e9quip\u00e9 de pieds antid\u00e9rapants. Lame inclin\u00e9e en acier tremp\u00e9 inoxydable. Le moteur prot\u00e9g\u00e9 contre une<\/p>\n","protected":false},"featured_media":8899,"comment_status":"open","ping_status":"closed","template":"","meta":[],"product_brand":[],"product_cat":[337,361,342],"product_tag":[],"class_list":{"0":"post-8898","1":"product","2":"type-product","3":"status-publish","4":"has-post-thumbnail","6":"product_cat-preparation","7":"product_cat-trancheuse-professionnelle","8":"product_cat-travail-de-la-viande","10":"first","11":"instock","12":"shipping-taxable","13":"product-type-simple"},"_links":{"self":[{"href":"https:\/\/www.rgequip.com\/index.php?rest_route=\/wp\/v2\/product\/8898","targetHints":{"allow":["GET"]}}],"collection":[{"href":"https:\/\/www.rgequip.com\/index.php?rest_route=\/wp\/v2\/product"}],"about":[{"href":"https:\/\/www.rgequip.com\/index.php?rest_route=\/wp\/v2\/types\/product"}],"replies":[{"embeddable":true,"href":"https:\/\/www.rgequip.com\/index.php?rest_route=%2Fwp%2Fv2%2Fcomments&post=8898"}],"version-history":[{"count":0,"href":"https:\/\/www.rgequip.com\/index.php?rest_route=\/wp\/v2\/product\/8898\/revisions"}],"wp:featuredmedia":[{"embeddable":true,"href":"https:\/\/www.rgequip.com\/index.php?rest_route=\/wp\/v2\/media\/8899"}],"wp:attachment":[{"href":"https:\/\/www.rgequip.com\/index.php?rest_route=%2Fwp%2Fv2%2Fmedia&parent=8898"}],"wp:term":[{"taxonomy":"product_brand","embeddable":true,"href":"https:\/\/www.rgequip.com\/index.php?rest_route=%2Fwp%2Fv2%2Fproduct_brand&post=8898"},{"taxonomy":"product_cat","embeddable":true,"href":"https:\/\/www.rgequip.com\/index.php?rest_route=%2Fwp%2Fv2%2Fproduct_cat&post=8898"},{"taxonomy":"product_tag","embeddable":true,"href":"https:\/\/www.rgequip.com\/index.php?rest_route=%2Fwp%2Fv2%2Fproduct_tag&post=8898"}],"curies":[{"name":"wp","href":"https:\/\/api.w.org\/{rel}","templated":true}]}}