{"id":8894,"date":"2019-09-16T19:03:18","date_gmt":"2019-09-16T17:03:18","guid":{"rendered":"https:\/\/www.rgequip.com\/?post_type=product&#038;p=8894"},"modified":"2020-08-04T12:06:08","modified_gmt":"2020-08-04T10:06:08","slug":"mixeur-plongeant-250","status":"publish","type":"product","link":"https:\/\/www.rgequip.com\/?product=mixeur-plongeant-250","title":{"rendered":"Mixeur Plongeant 250"},"content":{"rendered":"<ul class=\"remarklist\">\n<li class=\"red\">Utilisation professionnelle.<br \/>\nBo\u00eetier en polyamide renforc\u00e9 avec des fibres.<br \/>\nManche et lame en acier inoxydable.<br \/>\nFacile \u00e0 nettoyer.<\/li>\n<li class=\"purple\">Panneau de contr\u00f4le \u00e9lectronique (9 vitesses)<br \/>\nLongueur de la manche: 300 mm<br \/>\nCapacit\u00e9 jusqu&#8217;\u00e0 50 litres<br \/>\nPoids 3,45 kg<br \/>\nVitesse r\u00e9glable: 2000 &#8211; 13000 RPM<br \/>\nVitesse maximum: 13000 RPM<\/li>\n<\/ul>\n","protected":false},"excerpt":{"rendered":"<p>Utilisation professionnelle. Bo\u00eetier en polyamide renforc\u00e9 avec des fibres. Manche et lame en acier inoxydable. Facile \u00e0 nettoyer. Panneau de<\/p>\n","protected":false},"featured_media":8895,"comment_status":"open","ping_status":"closed","template":"","meta":[],"product_brand":[],"product_cat":[337,351,339],"product_tag":[],"class_list":{"0":"post-8894","1":"product","2":"type-product","3":"status-publish","4":"has-post-thumbnail","6":"product_cat-preparation","7":"product_cat-mixer-plongeant","8":"product_cat-robots-coupe","10":"first","11":"instock","12":"shipping-taxable","13":"product-type-simple"},"_links":{"self":[{"href":"https:\/\/www.rgequip.com\/index.php?rest_route=\/wp\/v2\/product\/8894","targetHints":{"allow":["GET"]}}],"collection":[{"href":"https:\/\/www.rgequip.com\/index.php?rest_route=\/wp\/v2\/product"}],"about":[{"href":"https:\/\/www.rgequip.com\/index.php?rest_route=\/wp\/v2\/types\/product"}],"replies":[{"embeddable":true,"href":"https:\/\/www.rgequip.com\/index.php?rest_route=%2Fwp%2Fv2%2Fcomments&post=8894"}],"version-history":[{"count":0,"href":"https:\/\/www.rgequip.com\/index.php?rest_route=\/wp\/v2\/product\/8894\/revisions"}],"wp:featuredmedia":[{"embeddable":true,"href":"https:\/\/www.rgequip.com\/index.php?rest_route=\/wp\/v2\/media\/8895"}],"wp:attachment":[{"href":"https:\/\/www.rgequip.com\/index.php?rest_route=%2Fwp%2Fv2%2Fmedia&parent=8894"}],"wp:term":[{"taxonomy":"product_brand","embeddable":true,"href":"https:\/\/www.rgequip.com\/index.php?rest_route=%2Fwp%2Fv2%2Fproduct_brand&post=8894"},{"taxonomy":"product_cat","embeddable":true,"href":"https:\/\/www.rgequip.com\/index.php?rest_route=%2Fwp%2Fv2%2Fproduct_cat&post=8894"},{"taxonomy":"product_tag","embeddable":true,"href":"https:\/\/www.rgequip.com\/index.php?rest_route=%2Fwp%2Fv2%2Fproduct_tag&post=8894"}],"curies":[{"name":"wp","href":"https:\/\/api.w.org\/{rel}","templated":true}]}}